{"id":566,"date":"2024-06-03T14:07:40","date_gmt":"2024-06-03T11:07:40","guid":{"rendered":"https:\/\/www.ozgurgulun.com\/?page_id=566"},"modified":"2026-01-31T21:37:16","modified_gmt":"2026-01-31T18:37:16","slug":"hakkimda","status":"publish","type":"page","link":"https:\/\/www.ozgurgulun.com\/en\/hakkimda\/","title":{"rendered":"About Me"},"content":{"rendered":"<div class=\"pvc_clear\"><\/div>\n<p id=\"pvc_stats_566\" class=\"pvc_stats total_only\" data-element-id=\"566\" style=\"\"><i class=\"pvc-stats-icon medium\" aria-hidden=\"true\"><svg xmlns=\"http:\/\/www.w3.org\/2000\/svg\" version=\"1.0\" viewbox=\"0 0 502 315\" preserveaspectratio=\"xMidYMid meet\"><g transform=\"translate(0,332) scale(0.1,-0.1)\" fill=\"\" stroke=\"none\"><path d=\"M2394 3279 l-29 -30 -3 -207 c-2 -182 0 -211 15 -242 39 -76 157 -76 196 0 15 31 17 60 15 243 l-3 209 -33 29 c-26 23 -41 29 -80 29 -41 0 -53 -5 -78 -31z\"\/><path d=\"M3085 3251 c-45 -19 -58 -50 -96 -229 -47 -217 -49 -260 -13 -295 52 -53 146 -42 177 20 16 31 87 366 87 410 0 70 -86 122 -155 94z\"\/><path d=\"M1751 3234 c-13 -9 -29 -31 -37 -50 -12 -29 -10 -49 21 -204 19 -94 39 -189 45 -210 14 -50 54 -80 110 -80 34 0 48 6 76 34 21 21 34 44 34 59 0 14 -18 113 -40 219 -37 178 -43 195 -70 221 -36 32 -101 37 -139 11z\"\/><path d=\"M1163 3073 c-36 -7 -73 -59 -73 -102 0 -56 133 -378 171 -413 34 -32 83 -37 129 -13 70 36 67 87 -16 290 -86 209 -89 214 -129 231 -35 14 -42 15 -82 7z\"\/><path d=\"M3689 3066 c-15 -9 -33 -30 -42 -48 -48 -103 -147 -355 -147 -375 0 -98 131 -148 192 -74 13 15 57 108 97 206 80 196 84 226 37 273 -30 30 -99 39 -137 18z\"\/><path d=\"M583 2784 c-38 -19 -67 -74 -58 -113 9 -42 211 -354 242 -373 16 -10 45 -18 66 -18 51 0 107 52 107 100 0 39 -1 41 -124 234 -80 126 -108 162 -133 173 -41 17 -61 16 -100 -3z\"\/><path d=\"M4250 2784 c-14 -9 -74 -91 -133 -183 -95 -150 -107 -173 -107 -213 0 -55 33 -94 87 -104 67 -13 90 8 211 198 130 202 137 225 78 284 -27 27 -42 34 -72 34 -22 0 -50 -8 -64 -16z\"\/><path d=\"M2275 2693 c-553 -48 -1095 -270 -1585 -649 -135 -104 -459 -423 -483 -476 -23 -49 -22 -139 2 -186 73 -142 361 -457 571 -626 285 -228 642 -407 990 -497 242 -63 336 -73 660 -74 310 0 370 5 595 52 535 111 1045 392 1455 803 122 121 250 273 275 326 19 41 19 137 0 174 -41 79 -309 363 -465 492 -447 370 -946 591 -1479 653 -113 14 -422 18 -536 8z m395 -428 c171 -34 330 -124 456 -258 112 -119 167 -219 211 -378 27 -96 24 -300 -5 -401 -72 -255 -236 -447 -474 -557 -132 -62 -201 -76 -368 -76 -167 0 -236 14 -368 76 -213 98 -373 271 -451 485 -162 444 86 934 547 1084 153 49 292 57 452 25z m909 -232 c222 -123 408 -262 593 -441 76 -74 138 -139 138 -144 0 -16 -233 -242 -330 -319 -155 -123 -309 -223 -461 -299 l-81 -41 32 46 c18 26 49 83 70 128 143 306 141 649 -6 957 -25 52 -61 116 -79 142 l-34 47 45 -20 c26 -10 76 -36 113 -56z m-2057 25 c-40 -58 -105 -190 -130 -263 -110 -324 -59 -707 132 -981 25 -35 42 -64 37 -64 -19 0 -241 119 -326 174 -188 122 -406 314 -532 468 l-58 71 108 103 c185 178 428 349 672 473 66 33 121 60 123 61 2 0 -10 -19 -26 -42z\"\/><path d=\"M2375 1950 c-198 -44 -350 -190 -395 -379 -18 -76 -8 -221 19 -290 114 -284 457 -406 731 -260 98 52 188 154 231 260 27 69 37 214 19 290 -38 163 -166 304 -326 360 -67 23 -215 33 -279 19z\"\/><\/g><\/svg><\/i> <img decoding=\"async\" width=\"16\" height=\"16\" alt=\"Loading\" data-src=\"https:\/\/www.ozgurgulun.com\/wp-content\/plugins\/page-views-count\/ajax-loader-2x.gif\" border=\"0\" src=\"data:image\/svg+xml;base64,PHN2ZyB3aWR0aD0iMSIgaGVpZ2h0PSIxIiB4bWxucz0iaHR0cDovL3d3dy53My5vcmcvMjAwMC9zdmciPjwvc3ZnPg==\" class=\"lazyload\" style=\"--smush-placeholder-width: 16px; --smush-placeholder-aspect-ratio: 16\/16;\" \/><\/p>\n<div class=\"pvc_clear\"><\/div>\n<p data-start=\"268\" data-end=\"539\">1976 y\u0131l\u0131n\u0131n bir sonbahar ay\u0131nda \u0130stanbul\u2019da do\u011fdum. Ailem Balkan g\u00f6\u00e7meni. Malum, \u0130stanbul\u2019da kimse kimsenin ger\u00e7ekten \u0130stanbullu oldu\u011funa pek inanmaz; ben de bu y\u00fczden ailemin g\u00f6\u00e7 etti\u011fi memleketi s\u00f6ylerim. \u00dcsk\u00fcp\u2019l\u00fcy\u00fcm derim ama asl\u0131nda tam olarak Kad\u0131k\u00f6y\u2019l\u00fcy\u00fcm.<\/p>\n<p data-start=\"541\" data-end=\"926\">Seyahatle, hik\u00e2yelerle ve farkl\u0131 k\u00fclt\u00fcrlerle olan ba\u011f\u0131m \u00e7ok erken ya\u015flarda ba\u015flad\u0131. Zamanla bu ilgi bir tutkuya, ard\u0131ndan bir mesle\u011fe d\u00f6n\u00fc\u015ft\u00fc. Kapadokya \u00dcniversitesi Turist Rehberli\u011fi b\u00f6l\u00fcm\u00fcnden mezun oldum. Bug\u00fcn, Kad\u0131k\u00f6y merkezli olarak kurucu orta\u011f\u0131 oldu\u011fum seyahat acentesi More World Travel b\u00fcnyesinde, d\u00fcnyan\u0131n d\u00f6rt bir yan\u0131na butik ve nitelikli geziler tasarl\u0131yorum.<\/p>\n<p data-start=\"928\" data-end=\"1319\">Ben bir profesyonel turist rehberi ve ayn\u0131 zamanda bir gezi tasar\u0131mc\u0131s\u0131y\u0131m. Benim i\u00e7in seyahat; sadece gezilecek yerleri g\u00f6rmek de\u011fil, bir \u015fehri anlamak, insan\u0131yla ba\u011f kurmak, g\u00fcndelik hayat\u0131n i\u00e7ine s\u0131zmak ve o yerin hik\u00e2yesini duymakt\u0131r. Bu y\u00fczden turlar\u0131m, klasik programlar\u0131n \u00f6tesine ge\u00e7en; tarih, k\u00fclt\u00fcr, gastronomi ve yerel ya\u015fam\u0131 bir araya getiren deneyimler \u00fczerine kuruludur.<\/p>\n<p data-start=\"1321\" data-end=\"1571\">\u00d6zellikle G\u00fcney Kore ve Do\u011fu Asya k\u00fclt\u00fcrleri ba\u015fta olmak \u00fczere, farkl\u0131 co\u011frafyalarda derinlikli ve anlaml\u0131 rotalar olu\u015fturmay\u0131 seviyorum. Her yolculu\u011fun, kat\u0131lanlar i\u00e7in yaln\u0131zca g\u00fczel an\u0131lar de\u011fil, yeni bak\u0131\u015f a\u00e7\u0131lar\u0131 b\u0131rakmas\u0131n\u0131 \u00f6nemsiyorum.<\/p>\n<p data-start=\"1573\" data-end=\"1786\">Radyo programlar\u0131, i\u00e7erik \u00fcretimi ve anlat\u0131 \u00e7al\u0131\u015fmalar\u0131yla da k\u00fclt\u00fcrler aras\u0131 ileti\u015fimi, yol hik\u00e2yelerini ve ortak insanl\u0131k h\u00e2llerini payla\u015fmay\u0131 s\u00fcrd\u00fcr\u00fcyorum. Anlatmay\u0131 seviyorum; ama belki daha da \u00e7ok, dinlemeyi.<\/p>\n<p data-start=\"1788\" data-end=\"1921\">Bu site;<br data-start=\"1796\" data-end=\"1799\" \/>yola d\u00fc\u015fmeyi sevenler,<br data-start=\"1821\" data-end=\"1824\" \/>d\u00fcnyay\u0131 merak edenler<br data-start=\"1845\" data-end=\"1848\" \/>ve seyahati bir t\u00fcketim de\u011fil, bir ke\u015fif bi\u00e7imi olarak g\u00f6renler i\u00e7in.<\/p>\n<p data-start=\"1923\" data-end=\"1957\">Yolumuz bir yerde mutlaka kesi\u015fir.<\/p>","protected":false},"excerpt":{"rendered":"<div class=\"pvc_clear\"><\/div>\n<p id=\"pvc_stats_566\" class=\"pvc_stats total_only\" data-element-id=\"566\" style=\"\"><i class=\"pvc-stats-icon medium\" aria-hidden=\"true\"><svg xmlns=\"http:\/\/www.w3.org\/2000\/svg\" version=\"1.0\" viewbox=\"0 0 502 315\" preserveaspectratio=\"xMidYMid meet\"><g transform=\"translate(0,332) scale(0.1,-0.1)\" fill=\"\" stroke=\"none\"><path d=\"M2394 3279 l-29 -30 -3 -207 c-2 -182 0 -211 15 -242 39 -76 157 -76 196 0 15 31 17 60 15 243 l-3 209 -33 29 c-26 23 -41 29 -80 29 -41 0 -53 -5 -78 -31z\"\/><path d=\"M3085 3251 c-45 -19 -58 -50 -96 -229 -47 -217 -49 -260 -13 -295 52 -53 146 -42 177 20 16 31 87 366 87 410 0 70 -86 122 -155 94z\"\/><path d=\"M1751 3234 c-13 -9 -29 -31 -37 -50 -12 -29 -10 -49 21 -204 19 -94 39 -189 45 -210 14 -50 54 -80 110 -80 34 0 48 6 76 34 21 21 34 44 34 59 0 14 -18 113 -40 219 -37 178 -43 195 -70 221 -36 32 -101 37 -139 11z\"\/><path d=\"M1163 3073 c-36 -7 -73 -59 -73 -102 0 -56 133 -378 171 -413 34 -32 83 -37 129 -13 70 36 67 87 -16 290 -86 209 -89 214 -129 231 -35 14 -42 15 -82 7z\"\/><path d=\"M3689 3066 c-15 -9 -33 -30 -42 -48 -48 -103 -147 -355 -147 -375 0 -98 131 -148 192 -74 13 15 57 108 97 206 80 196 84 226 37 273 -30 30 -99 39 -137 18z\"\/><path d=\"M583 2784 c-38 -19 -67 -74 -58 -113 9 -42 211 -354 242 -373 16 -10 45 -18 66 -18 51 0 107 52 107 100 0 39 -1 41 -124 234 -80 126 -108 162 -133 173 -41 17 -61 16 -100 -3z\"\/><path d=\"M4250 2784 c-14 -9 -74 -91 -133 -183 -95 -150 -107 -173 -107 -213 0 -55 33 -94 87 -104 67 -13 90 8 211 198 130 202 137 225 78 284 -27 27 -42 34 -72 34 -22 0 -50 -8 -64 -16z\"\/><path d=\"M2275 2693 c-553 -48 -1095 -270 -1585 -649 -135 -104 -459 -423 -483 -476 -23 -49 -22 -139 2 -186 73 -142 361 -457 571 -626 285 -228 642 -407 990 -497 242 -63 336 -73 660 -74 310 0 370 5 595 52 535 111 1045 392 1455 803 122 121 250 273 275 326 19 41 19 137 0 174 -41 79 -309 363 -465 492 -447 370 -946 591 -1479 653 -113 14 -422 18 -536 8z m395 -428 c171 -34 330 -124 456 -258 112 -119 167 -219 211 -378 27 -96 24 -300 -5 -401 -72 -255 -236 -447 -474 -557 -132 -62 -201 -76 -368 -76 -167 0 -236 14 -368 76 -213 98 -373 271 -451 485 -162 444 86 934 547 1084 153 49 292 57 452 25z m909 -232 c222 -123 408 -262 593 -441 76 -74 138 -139 138 -144 0 -16 -233 -242 -330 -319 -155 -123 -309 -223 -461 -299 l-81 -41 32 46 c18 26 49 83 70 128 143 306 141 649 -6 957 -25 52 -61 116 -79 142 l-34 47 45 -20 c26 -10 76 -36 113 -56z m-2057 25 c-40 -58 -105 -190 -130 -263 -110 -324 -59 -707 132 -981 25 -35 42 -64 37 -64 -19 0 -241 119 -326 174 -188 122 -406 314 -532 468 l-58 71 108 103 c185 178 428 349 672 473 66 33 121 60 123 61 2 0 -10 -19 -26 -42z\"\/><path d=\"M2375 1950 c-198 -44 -350 -190 -395 -379 -18 -76 -8 -221 19 -290 114 -284 457 -406 731 -260 98 52 188 154 231 260 27 69 37 214 19 290 -38 163 -166 304 -326 360 -67 23 -215 33 -279 19z\"\/><\/g><\/svg><\/i> <img decoding=\"async\" width=\"16\" height=\"16\" alt=\"Loading\" data-src=\"https:\/\/www.ozgurgulun.com\/wp-content\/plugins\/page-views-count\/ajax-loader-2x.gif\" border=\"0\" src=\"data:image\/svg+xml;base64,PHN2ZyB3aWR0aD0iMSIgaGVpZ2h0PSIxIiB4bWxucz0iaHR0cDovL3d3dy53My5vcmcvMjAwMC9zdmciPjwvc3ZnPg==\" class=\"lazyload\" style=\"--smush-placeholder-width: 16px; --smush-placeholder-aspect-ratio: 16\/16;\" \/><\/p>\n<div class=\"pvc_clear\"><\/div>\n<p>1976 y\u0131l\u0131n\u0131n bir sonbahar ay\u0131nda \u0130stanbul\u2019da do\u011fdum. Ailem Balkan g\u00f6\u00e7meni. Malum, \u0130stanbul\u2019da kimse kimsenin ger\u00e7ekten \u0130stanbullu oldu\u011funa pek inanmaz; ben<\/p>","protected":false},"author":1,"featured_media":0,"parent":0,"menu_order":0,"comment_status":"closed","ping_status":"closed","template":"","meta":{"colormag_page_container_layout":"default_layout","colormag_page_sidebar_layout":"default_layout","_bbp_topic_count":0,"_bbp_reply_count":0,"_bbp_total_topic_count":0,"_bbp_total_reply_count":0,"_bbp_voice_count":0,"_bbp_anonymous_reply_count":0,"_bbp_topic_count_hidden":0,"_bbp_reply_count_hidden":0,"_bbp_forum_subforum_count":0,"_lmt_disableupdate":"","_lmt_disable":"","_mc_calendar":[],"footnotes":""},"class_list":["post-566","page","type-page","status-publish","hentry"],"a3_pvc":{"activated":true,"total_views":6,"today_views":0},"yoast_head":"<!-- This site is optimized with the Yoast SEO plugin v27.4 - https:\/\/yoast.com\/product\/yoast-seo-wordpress\/ -->\n<title>Hakk\u0131mda - \u00d6zg\u00fcr G\u00fcl\u00fcn<\/title>\n<meta name=\"description\" content=\"\u00d6zg\u00fcr G\u00fcl\u00fcn, profesyonel tur rehberi ve gezi tasar\u0131mc\u0131s\u0131d\u0131r. G\u00fcney Kore turlar\u0131, Asya k\u00fclt\u00fcr\u00fc deneyimleri ve \u00f6zel tur programlar\u0131yla gezginlere unutulmaz yolculuklar sunar. Hik\u00e2yesi ve uzmanl\u0131\u011f\u0131yla d\u00fcnyay\u0131 ke\u015ffetmek isteyenlere ilham verir.\" \/>\n<meta name=\"robots\" content=\"index, follow, max-snippet:-1, max-image-preview:large, max-video-preview:-1\" \/>\n<link rel=\"canonical\" href=\"https:\/\/www.ozgurgulun.com\/en\/hakkimda\/\" \/>\n<meta property=\"og:locale\" content=\"en_US\" \/>\n<meta property=\"og:type\" content=\"article\" \/>\n<meta property=\"og:title\" content=\"Hakk\u0131mda - \u00d6zg\u00fcr G\u00fcl\u00fcn\" \/>\n<meta property=\"og:description\" content=\"\u00d6zg\u00fcr G\u00fcl\u00fcn, profesyonel tur rehberi ve gezi tasar\u0131mc\u0131s\u0131d\u0131r. G\u00fcney Kore turlar\u0131, Asya k\u00fclt\u00fcr\u00fc deneyimleri ve \u00f6zel tur programlar\u0131yla gezginlere unutulmaz yolculuklar sunar. Hik\u00e2yesi ve uzmanl\u0131\u011f\u0131yla d\u00fcnyay\u0131 ke\u015ffetmek isteyenlere ilham verir.\" \/>\n<meta property=\"og:url\" content=\"https:\/\/www.ozgurgulun.com\/en\/hakkimda\/\" \/>\n<meta property=\"og:site_name\" content=\"\u00d6zg\u00fcr G\u00fcl\u00fcn\" \/>\n<meta property=\"article:publisher\" content=\"https:\/\/www.facebook.com\/o.gulun\" \/>\n<meta property=\"article:modified_time\" content=\"2026-01-31T18:37:16+00:00\" \/>\n<meta name=\"twitter:card\" content=\"summary_large_image\" \/>\n<meta name=\"twitter:label1\" content=\"Est. reading time\" \/>\n\t<meta name=\"twitter:data1\" content=\"2 minutes\" \/>\n<script type=\"application\/ld+json\" class=\"yoast-schema-graph\">{\"@context\":\"https:\\\/\\\/schema.org\",\"@graph\":[{\"@type\":\"WebPage\",\"@id\":\"https:\\\/\\\/www.ozgurgulun.com\\\/hakkimda\\\/\",\"url\":\"https:\\\/\\\/www.ozgurgulun.com\\\/hakkimda\\\/\",\"name\":\"Hakk\u0131mda - \u00d6zg\u00fcr G\u00fcl\u00fcn\",\"isPartOf\":{\"@id\":\"https:\\\/\\\/www.ozgurgulun.com\\\/#website\"},\"datePublished\":\"2024-06-03T11:07:40+00:00\",\"dateModified\":\"2026-01-31T18:37:16+00:00\",\"description\":\"\u00d6zg\u00fcr G\u00fcl\u00fcn, profesyonel tur rehberi ve gezi tasar\u0131mc\u0131s\u0131d\u0131r. G\u00fcney Kore turlar\u0131, Asya k\u00fclt\u00fcr\u00fc deneyimleri ve \u00f6zel tur programlar\u0131yla gezginlere unutulmaz yolculuklar sunar. Hik\u00e2yesi ve uzmanl\u0131\u011f\u0131yla d\u00fcnyay\u0131 ke\u015ffetmek isteyenlere ilham verir.\",\"breadcrumb\":{\"@id\":\"https:\\\/\\\/www.ozgurgulun.com\\\/hakkimda\\\/#breadcrumb\"},\"inLanguage\":\"en-US\",\"potentialAction\":[{\"@type\":\"ReadAction\",\"target\":[\"https:\\\/\\\/www.ozgurgulun.com\\\/hakkimda\\\/\"]}]},{\"@type\":\"BreadcrumbList\",\"@id\":\"https:\\\/\\\/www.ozgurgulun.com\\\/hakkimda\\\/#breadcrumb\",\"itemListElement\":[{\"@type\":\"ListItem\",\"position\":1,\"name\":\"Anasayfa\",\"item\":\"https:\\\/\\\/www.ozgurgulun.com\\\/\"},{\"@type\":\"ListItem\",\"position\":2,\"name\":\"Hakk\u0131mda\"}]},{\"@type\":\"WebSite\",\"@id\":\"https:\\\/\\\/www.ozgurgulun.com\\\/#website\",\"url\":\"https:\\\/\\\/www.ozgurgulun.com\\\/\",\"name\":\"\u00d6zg\u00fcr G\u00fcl\u00fcn\",\"description\":\"D\u00fcnyan\u0131n f\u0131s\u0131lt\u0131lar\u0131n\u0131 duymaya haz\u0131r m\u0131s\u0131n?\",\"publisher\":{\"@id\":\"https:\\\/\\\/www.ozgurgulun.com\\\/#\\\/schema\\\/person\\\/721af7122550a448ab79b0675765557a\"},\"potentialAction\":[{\"@type\":\"SearchAction\",\"target\":{\"@type\":\"EntryPoint\",\"urlTemplate\":\"https:\\\/\\\/www.ozgurgulun.com\\\/?s={search_term_string}\"},\"query-input\":{\"@type\":\"PropertyValueSpecification\",\"valueRequired\":true,\"valueName\":\"search_term_string\"}}],\"inLanguage\":\"en-US\"},{\"@type\":[\"Person\",\"Organization\"],\"@id\":\"https:\\\/\\\/www.ozgurgulun.com\\\/#\\\/schema\\\/person\\\/721af7122550a448ab79b0675765557a\",\"name\":\"\u00d6zg\u00fcr G\u00fcl\u00fcn\",\"image\":{\"@type\":\"ImageObject\",\"inLanguage\":\"en-US\",\"@id\":\"https:\\\/\\\/www.ozgurgulun.com\\\/wp-content\\\/uploads\\\/2024\\\/12\\\/1735115568492-photoaidcom-cropped.png\",\"url\":\"https:\\\/\\\/www.ozgurgulun.com\\\/wp-content\\\/uploads\\\/2024\\\/12\\\/1735115568492-photoaidcom-cropped.png\",\"contentUrl\":\"https:\\\/\\\/www.ozgurgulun.com\\\/wp-content\\\/uploads\\\/2024\\\/12\\\/1735115568492-photoaidcom-cropped.png\",\"width\":1315,\"height\":1315,\"caption\":\"\u00d6zg\u00fcr G\u00fcl\u00fcn\"},\"logo\":{\"@id\":\"https:\\\/\\\/www.ozgurgulun.com\\\/wp-content\\\/uploads\\\/2024\\\/12\\\/1735115568492-photoaidcom-cropped.png\"},\"sameAs\":[\"http:\\\/\\\/www.ozgurgulun.com\",\"https:\\\/\\\/www.facebook.com\\\/o.gulun\",\"https:\\\/\\\/www.instagram.com\\\/ogulun\\\/\",\"https:\\\/\\\/www.linkedin.com\\\/in\\\/ozgurgulun\\\/\",\"https:\\\/\\\/www.youtube.com\\\/@ozgurgulun\"]}]}<\/script>\n<!-- \/ Yoast SEO plugin. -->","yoast_head_json":{"title":"Hakk\u0131mda - \u00d6zg\u00fcr G\u00fcl\u00fcn","description":"\u00d6zg\u00fcr G\u00fcl\u00fcn, profesyonel tur rehberi ve gezi tasar\u0131mc\u0131s\u0131d\u0131r. G\u00fcney Kore turlar\u0131, Asya k\u00fclt\u00fcr\u00fc deneyimleri ve \u00f6zel tur programlar\u0131yla gezginlere unutulmaz yolculuklar sunar. Hik\u00e2yesi ve uzmanl\u0131\u011f\u0131yla d\u00fcnyay\u0131 ke\u015ffetmek isteyenlere ilham verir.","robots":{"index":"index","follow":"follow","max-snippet":"max-snippet:-1","max-image-preview":"max-image-preview:large","max-video-preview":"max-video-preview:-1"},"canonical":"https:\/\/www.ozgurgulun.com\/en\/hakkimda\/","og_locale":"en_US","og_type":"article","og_title":"Hakk\u0131mda - \u00d6zg\u00fcr G\u00fcl\u00fcn","og_description":"\u00d6zg\u00fcr G\u00fcl\u00fcn, profesyonel tur rehberi ve gezi tasar\u0131mc\u0131s\u0131d\u0131r. G\u00fcney Kore turlar\u0131, Asya k\u00fclt\u00fcr\u00fc deneyimleri ve \u00f6zel tur programlar\u0131yla gezginlere unutulmaz yolculuklar sunar. Hik\u00e2yesi ve uzmanl\u0131\u011f\u0131yla d\u00fcnyay\u0131 ke\u015ffetmek isteyenlere ilham verir.","og_url":"https:\/\/www.ozgurgulun.com\/en\/hakkimda\/","og_site_name":"\u00d6zg\u00fcr G\u00fcl\u00fcn","article_publisher":"https:\/\/www.facebook.com\/o.gulun","article_modified_time":"2026-01-31T18:37:16+00:00","twitter_card":"summary_large_image","twitter_misc":{"Est. reading time":"2 minutes"},"schema":{"@context":"https:\/\/schema.org","@graph":[{"@type":"WebPage","@id":"https:\/\/www.ozgurgulun.com\/hakkimda\/","url":"https:\/\/www.ozgurgulun.com\/hakkimda\/","name":"Hakk\u0131mda - \u00d6zg\u00fcr G\u00fcl\u00fcn","isPartOf":{"@id":"https:\/\/www.ozgurgulun.com\/#website"},"datePublished":"2024-06-03T11:07:40+00:00","dateModified":"2026-01-31T18:37:16+00:00","description":"\u00d6zg\u00fcr G\u00fcl\u00fcn, profesyonel tur rehberi ve gezi tasar\u0131mc\u0131s\u0131d\u0131r. G\u00fcney Kore turlar\u0131, Asya k\u00fclt\u00fcr\u00fc deneyimleri ve \u00f6zel tur programlar\u0131yla gezginlere unutulmaz yolculuklar sunar. Hik\u00e2yesi ve uzmanl\u0131\u011f\u0131yla d\u00fcnyay\u0131 ke\u015ffetmek isteyenlere ilham verir.","breadcrumb":{"@id":"https:\/\/www.ozgurgulun.com\/hakkimda\/#breadcrumb"},"inLanguage":"en-US","potentialAction":[{"@type":"ReadAction","target":["https:\/\/www.ozgurgulun.com\/hakkimda\/"]}]},{"@type":"BreadcrumbList","@id":"https:\/\/www.ozgurgulun.com\/hakkimda\/#breadcrumb","itemListElement":[{"@type":"ListItem","position":1,"name":"Anasayfa","item":"https:\/\/www.ozgurgulun.com\/"},{"@type":"ListItem","position":2,"name":"Hakk\u0131mda"}]},{"@type":"WebSite","@id":"https:\/\/www.ozgurgulun.com\/#website","url":"https:\/\/www.ozgurgulun.com\/","name":"\u00d6zg\u00fcr G\u00fcl\u00fcn","description":"Are you ready to hear the whispers of the world?","publisher":{"@id":"https:\/\/www.ozgurgulun.com\/#\/schema\/person\/721af7122550a448ab79b0675765557a"},"potentialAction":[{"@type":"SearchAction","target":{"@type":"EntryPoint","urlTemplate":"https:\/\/www.ozgurgulun.com\/?s={search_term_string}"},"query-input":{"@type":"PropertyValueSpecification","valueRequired":true,"valueName":"search_term_string"}}],"inLanguage":"en-US"},{"@type":["Person","Organization"],"@id":"https:\/\/www.ozgurgulun.com\/#\/schema\/person\/721af7122550a448ab79b0675765557a","name":"\u00d6zg\u00fcr G\u00fcl\u00fcn","image":{"@type":"ImageObject","inLanguage":"en-US","@id":"https:\/\/www.ozgurgulun.com\/wp-content\/uploads\/2024\/12\/1735115568492-photoaidcom-cropped.png","url":"https:\/\/www.ozgurgulun.com\/wp-content\/uploads\/2024\/12\/1735115568492-photoaidcom-cropped.png","contentUrl":"https:\/\/www.ozgurgulun.com\/wp-content\/uploads\/2024\/12\/1735115568492-photoaidcom-cropped.png","width":1315,"height":1315,"caption":"\u00d6zg\u00fcr G\u00fcl\u00fcn"},"logo":{"@id":"https:\/\/www.ozgurgulun.com\/wp-content\/uploads\/2024\/12\/1735115568492-photoaidcom-cropped.png"},"sameAs":["http:\/\/www.ozgurgulun.com","https:\/\/www.facebook.com\/o.gulun","https:\/\/www.instagram.com\/ogulun\/","https:\/\/www.linkedin.com\/in\/ozgurgulun\/","https:\/\/www.youtube.com\/@ozgurgulun"]}]}},"_links":{"self":[{"href":"https:\/\/www.ozgurgulun.com\/en\/wp-json\/wp\/v2\/pages\/566","targetHints":{"allow":["GET"]}}],"collection":[{"href":"https:\/\/www.ozgurgulun.com\/en\/wp-json\/wp\/v2\/pages"}],"about":[{"href":"https:\/\/www.ozgurgulun.com\/en\/wp-json\/wp\/v2\/types\/page"}],"author":[{"embeddable":true,"href":"https:\/\/www.ozgurgulun.com\/en\/wp-json\/wp\/v2\/users\/1"}],"replies":[{"embeddable":true,"href":"https:\/\/www.ozgurgulun.com\/en\/wp-json\/wp\/v2\/comments?post=566"}],"version-history":[{"count":6,"href":"https:\/\/www.ozgurgulun.com\/en\/wp-json\/wp\/v2\/pages\/566\/revisions"}],"predecessor-version":[{"id":1933,"href":"https:\/\/www.ozgurgulun.com\/en\/wp-json\/wp\/v2\/pages\/566\/revisions\/1933"}],"wp:attachment":[{"href":"https:\/\/www.ozgurgulun.com\/en\/wp-json\/wp\/v2\/media?parent=566"}],"curies":[{"name":"wp","href":"https:\/\/api.w.org\/{rel}","templated":true}]}}