{"id":285,"date":"2018-02-09T10:40:06","date_gmt":"2018-02-09T10:40:06","guid":{"rendered":"https:\/\/demo.themegrill.com\/colormag\/?page_id=285"},"modified":"2025-11-25T14:54:18","modified_gmt":"2025-11-25T11:54:18","slug":"contact-us","status":"publish","type":"page","link":"https:\/\/www.ozgurgulun.com\/en\/contact-us\/","title":{"rendered":"Contact me"},"content":{"rendered":"<div class=\"pvc_clear\"><\/div>\n<p id=\"pvc_stats_285\" class=\"pvc_stats total_only  \" data-element-id=\"285\" style=\"\"><i class=\"pvc-stats-icon medium\" aria-hidden=\"true\"><svg xmlns=\"http:\/\/www.w3.org\/2000\/svg\" version=\"1.0\" viewBox=\"0 0 502 315\" preserveAspectRatio=\"xMidYMid meet\"><g transform=\"translate(0,332) scale(0.1,-0.1)\" fill=\"\" stroke=\"none\"><path d=\"M2394 3279 l-29 -30 -3 -207 c-2 -182 0 -211 15 -242 39 -76 157 -76 196 0 15 31 17 60 15 243 l-3 209 -33 29 c-26 23 -41 29 -80 29 -41 0 -53 -5 -78 -31z\"\/><path d=\"M3085 3251 c-45 -19 -58 -50 -96 -229 -47 -217 -49 -260 -13 -295 52 -53 146 -42 177 20 16 31 87 366 87 410 0 70 -86 122 -155 94z\"\/><path d=\"M1751 3234 c-13 -9 -29 -31 -37 -50 -12 -29 -10 -49 21 -204 19 -94 39 -189 45 -210 14 -50 54 -80 110 -80 34 0 48 6 76 34 21 21 34 44 34 59 0 14 -18 113 -40 219 -37 178 -43 195 -70 221 -36 32 -101 37 -139 11z\"\/><path d=\"M1163 3073 c-36 -7 -73 -59 -73 -102 0 -56 133 -378 171 -413 34 -32 83 -37 129 -13 70 36 67 87 -16 290 -86 209 -89 214 -129 231 -35 14 -42 15 -82 7z\"\/><path d=\"M3689 3066 c-15 -9 -33 -30 -42 -48 -48 -103 -147 -355 -147 -375 0 -98 131 -148 192 -74 13 15 57 108 97 206 80 196 84 226 37 273 -30 30 -99 39 -137 18z\"\/><path d=\"M583 2784 c-38 -19 -67 -74 -58 -113 9 -42 211 -354 242 -373 16 -10 45 -18 66 -18 51 0 107 52 107 100 0 39 -1 41 -124 234 -80 126 -108 162 -133 173 -41 17 -61 16 -100 -3z\"\/><path d=\"M4250 2784 c-14 -9 -74 -91 -133 -183 -95 -150 -107 -173 -107 -213 0 -55 33 -94 87 -104 67 -13 90 8 211 198 130 202 137 225 78 284 -27 27 -42 34 -72 34 -22 0 -50 -8 -64 -16z\"\/><path d=\"M2275 2693 c-553 -48 -1095 -270 -1585 -649 -135 -104 -459 -423 -483 -476 -23 -49 -22 -139 2 -186 73 -142 361 -457 571 -626 285 -228 642 -407 990 -497 242 -63 336 -73 660 -74 310 0 370 5 595 52 535 111 1045 392 1455 803 122 121 250 273 275 326 19 41 19 137 0 174 -41 79 -309 363 -465 492 -447 370 -946 591 -1479 653 -113 14 -422 18 -536 8z m395 -428 c171 -34 330 -124 456 -258 112 -119 167 -219 211 -378 27 -96 24 -300 -5 -401 -72 -255 -236 -447 -474 -557 -132 -62 -201 -76 -368 -76 -167 0 -236 14 -368 76 -213 98 -373 271 -451 485 -162 444 86 934 547 1084 153 49 292 57 452 25z m909 -232 c222 -123 408 -262 593 -441 76 -74 138 -139 138 -144 0 -16 -233 -242 -330 -319 -155 -123 -309 -223 -461 -299 l-81 -41 32 46 c18 26 49 83 70 128 143 306 141 649 -6 957 -25 52 -61 116 -79 142 l-34 47 45 -20 c26 -10 76 -36 113 -56z m-2057 25 c-40 -58 -105 -190 -130 -263 -110 -324 -59 -707 132 -981 25 -35 42 -64 37 -64 -19 0 -241 119 -326 174 -188 122 -406 314 -532 468 l-58 71 108 103 c185 178 428 349 672 473 66 33 121 60 123 61 2 0 -10 -19 -26 -42z\"\/><path d=\"M2375 1950 c-198 -44 -350 -190 -395 -379 -18 -76 -8 -221 19 -290 114 -284 457 -406 731 -260 98 52 188 154 231 260 27 69 37 214 19 290 -38 163 -166 304 -326 360 -67 23 -215 33 -279 19z\"\/><\/g><\/svg><\/i> <img decoding=\"async\" width=\"16\" height=\"16\" alt=\"Loading\" data-src=\"https:\/\/www.ozgurgulun.com\/wp-content\/plugins\/page-views-count\/ajax-loader-2x.gif\" border=0 src=\"data:image\/svg+xml;base64,PHN2ZyB3aWR0aD0iMSIgaGVpZ2h0PSIxIiB4bWxucz0iaHR0cDovL3d3dy53My5vcmcvMjAwMC9zdmciPjwvc3ZnPg==\" class=\"lazyload\" style=\"--smush-placeholder-width: 16px; --smush-placeholder-aspect-ratio: 16\/16;\" \/><\/p>\n<div class=\"pvc_clear\"><\/div>\n<h1 data-start=\"185\" data-end=\"202\"> <strong data-start=\"190\" data-end=\"202\">\u0130LET\u0130\u015e\u0130M<\/strong><\/h1>\n<h2 data-start=\"204\" data-end=\"234\"><strong data-start=\"207\" data-end=\"234\">Benimle \u0130leti\u015fime Ge\u00e7in<\/strong><\/h2>\n<p data-start=\"236\" data-end=\"521\">Seyahatler, ke\u015fifler ve yeni k\u00fclt\u00fcrlere a\u00e7\u0131lan yollar\u2026 Her g\u00fczel yolculuk do\u011fru bir ileti\u015fimle ba\u015flar.<br data-start=\"338\" data-end=\"341\" \/>Ben <strong data-start=\"345\" data-end=\"360\">\u00d6zg\u00fcr G\u00fcl\u00fcn<\/strong> olarak, G\u00fcney Kore ba\u015fta olmak \u00fczere Asya turlar\u0131, \u00f6zel gezi tasar\u0131mlar\u0131 ve rehberlik hizmetleri hakk\u0131nda t\u00fcm sorular\u0131n\u0131za yard\u0131mc\u0131 olmaktan memnuniyet duyar\u0131m.<\/p>\n<p data-start=\"523\" data-end=\"595\">A\u015fa\u011f\u0131daki ileti\u015fim kanallar\u0131ndan bana diledi\u011finiz zaman ula\u015fabilirsiniz:<\/p>\n<hr data-start=\"597\" data-end=\"600\" \/>\n<h3 data-start=\"602\" data-end=\"623\"><strong data-start=\"606\" data-end=\"621\"> E-posta:<\/strong><\/h3>\n<p data-start=\"624\" data-end=\"688\"><a class=\"decorated-link cursor-pointer\" rel=\"noopener\" data-start=\"624\" data-end=\"643\"><span \n                data-original-string='5KzQPMEsdmn9Mvz72f2Ajg==91aqTp1tCciE2lSKxdP4fkFJyuFUrs+vzsZvuFN\/erXV84='\n                class='apbct-email-encoder'\n                title='This contact has been encoded by Anti-Spam by CleanTalk. Click to decode. To finish the decoding make sure that JavaScript is enabled in your browser.'>in<span class=\"apbct-blur\">**<\/span>@<span class=\"apbct-blur\">********<\/span>un.com<\/span><\/a><\/p>\n<h3 data-start=\"690\" data-end=\"711\"><strong data-start=\"694\" data-end=\"709\"> Telefon:<\/strong><\/h3>\n<p data-start=\"712\" data-end=\"777\">+90 551 205 8303<br data-start=\"729\" data-end=\"732\" \/>\n<\/p>\n<p data-start=\"806\" data-end=\"868\">\n<h3 data-start=\"870\" data-end=\"896\"><strong data-start=\"874\" data-end=\"894\"> Sosyal Medya:<\/strong><\/h3>\n<p data-start=\"897\" data-end=\"999\">Instagram: @ogulun<br data-start=\"919\" data-end=\"922\" \/>YouTube: \u00d6zg\u00fcr G\u00fcl\u00fcn<\/p>\n<hr data-start=\"1001\" data-end=\"1004\" \/>\n<h2 data-start=\"1006\" data-end=\"1042\"><strong data-start=\"1009\" data-end=\"1042\">Neden \u0130leti\u015fime Ge\u00e7melisiniz?<\/strong><\/h2>\n<ul data-start=\"1043\" data-end=\"1299\">\n<li data-start=\"1043\" data-end=\"1094\">\n<p data-start=\"1045\" data-end=\"1094\">G\u00fcney Kore ve Asya turlar\u0131 hakk\u0131nda bilgi almak<\/p>\n<\/li>\n<li data-start=\"1095\" data-end=\"1133\">\n<p data-start=\"1097\" data-end=\"1133\">Size \u00f6zel gezi tasar\u0131m\u0131 olu\u015fturmak<\/p>\n<\/li>\n<li data-start=\"1134\" data-end=\"1199\">\n<p data-start=\"1136\" data-end=\"1199\">Grup turlar\u0131, \u00e7ocuk turlar\u0131 ve k\u00fclt\u00fcr programlar\u0131 talep etmek<\/p>\n<\/li>\n<li data-start=\"1262\" data-end=\"1299\">\n<p data-start=\"1264\" data-end=\"1299\">G\u00fcvenilir rehberlik deste\u011fi almak<\/p>\n<\/li>\n<\/ul>\n<p data-start=\"1301\" data-end=\"1406\">Her mesaj, yeni bir yolculu\u011fun ba\u015flang\u0131c\u0131d\u0131r.<br data-start=\"1346\" data-end=\"1349\" \/><strong data-start=\"1349\" data-end=\"1406\">Sizi dinlemek ve yolunuza \u0131\u015f\u0131k tutmak i\u00e7in buraday\u0131m.<\/strong><\/p>\n<div class=\"everest-forms\"><div class=\"evf-container default\" id=\"evf-68\"><form id=\"evf-form-68\" class=\"everest-form\" data-formid=\"68\" data-ajax_submission=\"0\" data-keyboard_friendly_form=\"0\" data-form_state_type=\"\" method=\"post\" enctype=\"multipart\/form-data\" action=\"\/en\/wp-json\/wp\/v2\/pages\/285\"><div class=\"evf-field-container\"><input type=\"hidden\" id=\"_wpnonce68\" name=\"_wpnonce68\" value=\"b92e7908f2\" \/><input type=\"hidden\" name=\"_wp_http_referer\" value=\"\/en\/wp-json\/wp\/v2\/pages\/285\" \/><div class=\"evf-frontend-row\" data-row=\"row_1\" conditional_rules=\"[]\"><div class=\"evf-frontend-grid evf-grid-1\" data-grid=\"grid_1\"><div id=\"evf-68-field_fullname-container\" class=\"evf-field evf-field-text form-row validate-required\" data-required-field-message=\"This field is required.\" data-field-id=\"fullname\"><label class=\"evf-field-label\" for=\"evf-68-field_fullname\"><span class=\"evf-label\">\u0130sim<\/span> <abbr class=\"required\" title=\"Required\">*<\/abbr><\/label><input type=\"text\" id=\"evf-68-field_fullname\" class=\"input-text\" name=\"everest_forms[form_fields][fullname]\" required><\/div><div id=\"evf-68-field_email-container\" class=\"evf-field evf-field-email form-row validate-required validate-email\" data-required-field-message=\"Please enter a valid email address.\" data-field-id=\"email\"><label class=\"evf-field-label\" for=\"evf-68-field_email\"><span class=\"evf-label\">E-Posta<\/span> <abbr class=\"required\" title=\"Required\">*<\/abbr><\/label><input type=\"email\" id=\"evf-68-field_email\" class=\"input-text\" name=\"everest_forms[form_fields][email]\" required ><\/div><div id=\"evf-68-field_subject-container\" class=\"evf-field evf-field-text form-row validate-required\" data-required-field-message=\"This field is required.\" data-field-id=\"subject\"><label class=\"evf-field-label\" for=\"evf-68-field_subject\"><span class=\"evf-label\">Konu<\/span> <abbr class=\"required\" title=\"Required\">*<\/abbr><\/label><input type=\"text\" id=\"evf-68-field_subject\" class=\"input-text\" name=\"everest_forms[form_fields][subject]\" required><\/div><div id=\"evf-68-field_message-container\" class=\"evf-field evf-field-textarea form-row\" data-field-id=\"message\"><label class=\"evf-field-label\" for=\"evf-68-field_message\"><span class=\"evf-label\">Mesaj\u0131n\u0131z<\/span> <\/label><textarea id=\"evf-68-field_message\" class=\"input-text\" name=\"everest_forms[form_fields][message]\"  ><\/textarea><\/div><\/div><\/div><\/div><div class=\"evf-honeypot-container evf-field-hp\"><label for=\"evf-68-field-hp\" class=\"evf-field-label\">Website<\/label><input type=\"text\" name=\"everest_forms[hp]\" id=\"evf-68-field-hp\" class=\"input-text\"><\/div><div class=\"evf-submit-container \" ><input type=\"hidden\" name=\"everest_forms[id]\" value=\"68\"><input type=\"hidden\" name=\"everest_forms[author]\" value=\"1\"><button type='submit' name='everest_forms[submit]' class='everest-forms-submit-button button evf-submit ' id='evf-submit-68' value='evf-submit' data-process-text=\"G\u00f6nderiliyor...\" conditional_rules='&quot;&quot;' conditional_id='evf-submit-68'  id=\"evf-submit-68\" aria-live=\"assertive\">G\u00f6nder<\/button><\/div><\/form><\/div><!-- .evf-container --><\/div>\n","protected":false},"excerpt":{"rendered":"<div class=\"pvc_clear\"><\/div>\n<p id=\"pvc_stats_285\" class=\"pvc_stats total_only\" data-element-id=\"285\" style=\"\"><i class=\"pvc-stats-icon medium\" aria-hidden=\"true\"><svg xmlns=\"http:\/\/www.w3.org\/2000\/svg\" version=\"1.0\" viewbox=\"0 0 502 315\" preserveaspectratio=\"xMidYMid meet\"><g transform=\"translate(0,332) scale(0.1,-0.1)\" fill=\"\" stroke=\"none\"><path d=\"M2394 3279 l-29 -30 -3 -207 c-2 -182 0 -211 15 -242 39 -76 157 -76 196 0 15 31 17 60 15 243 l-3 209 -33 29 c-26 23 -41 29 -80 29 -41 0 -53 -5 -78 -31z\"\/><path d=\"M3085 3251 c-45 -19 -58 -50 -96 -229 -47 -217 -49 -260 -13 -295 52 -53 146 -42 177 20 16 31 87 366 87 410 0 70 -86 122 -155 94z\"\/><path d=\"M1751 3234 c-13 -9 -29 -31 -37 -50 -12 -29 -10 -49 21 -204 19 -94 39 -189 45 -210 14 -50 54 -80 110 -80 34 0 48 6 76 34 21 21 34 44 34 59 0 14 -18 113 -40 219 -37 178 -43 195 -70 221 -36 32 -101 37 -139 11z\"\/><path d=\"M1163 3073 c-36 -7 -73 -59 -73 -102 0 -56 133 -378 171 -413 34 -32 83 -37 129 -13 70 36 67 87 -16 290 -86 209 -89 214 -129 231 -35 14 -42 15 -82 7z\"\/><path d=\"M3689 3066 c-15 -9 -33 -30 -42 -48 -48 -103 -147 -355 -147 -375 0 -98 131 -148 192 -74 13 15 57 108 97 206 80 196 84 226 37 273 -30 30 -99 39 -137 18z\"\/><path d=\"M583 2784 c-38 -19 -67 -74 -58 -113 9 -42 211 -354 242 -373 16 -10 45 -18 66 -18 51 0 107 52 107 100 0 39 -1 41 -124 234 -80 126 -108 162 -133 173 -41 17 -61 16 -100 -3z\"\/><path d=\"M4250 2784 c-14 -9 -74 -91 -133 -183 -95 -150 -107 -173 -107 -213 0 -55 33 -94 87 -104 67 -13 90 8 211 198 130 202 137 225 78 284 -27 27 -42 34 -72 34 -22 0 -50 -8 -64 -16z\"\/><path d=\"M2275 2693 c-553 -48 -1095 -270 -1585 -649 -135 -104 -459 -423 -483 -476 -23 -49 -22 -139 2 -186 73 -142 361 -457 571 -626 285 -228 642 -407 990 -497 242 -63 336 -73 660 -74 310 0 370 5 595 52 535 111 1045 392 1455 803 122 121 250 273 275 326 19 41 19 137 0 174 -41 79 -309 363 -465 492 -447 370 -946 591 -1479 653 -113 14 -422 18 -536 8z m395 -428 c171 -34 330 -124 456 -258 112 -119 167 -219 211 -378 27 -96 24 -300 -5 -401 -72 -255 -236 -447 -474 -557 -132 -62 -201 -76 -368 -76 -167 0 -236 14 -368 76 -213 98 -373 271 -451 485 -162 444 86 934 547 1084 153 49 292 57 452 25z m909 -232 c222 -123 408 -262 593 -441 76 -74 138 -139 138 -144 0 -16 -233 -242 -330 -319 -155 -123 -309 -223 -461 -299 l-81 -41 32 46 c18 26 49 83 70 128 143 306 141 649 -6 957 -25 52 -61 116 -79 142 l-34 47 45 -20 c26 -10 76 -36 113 -56z m-2057 25 c-40 -58 -105 -190 -130 -263 -110 -324 -59 -707 132 -981 25 -35 42 -64 37 -64 -19 0 -241 119 -326 174 -188 122 -406 314 -532 468 l-58 71 108 103 c185 178 428 349 672 473 66 33 121 60 123 61 2 0 -10 -19 -26 -42z\"\/><path d=\"M2375 1950 c-198 -44 -350 -190 -395 -379 -18 -76 -8 -221 19 -290 114 -284 457 -406 731 -260 98 52 188 154 231 260 27 69 37 214 19 290 -38 163 -166 304 -326 360 -67 23 -215 33 -279 19z\"\/><\/g><\/svg><\/i> <img decoding=\"async\" width=\"16\" height=\"16\" alt=\"Loading\" data-src=\"https:\/\/www.ozgurgulun.com\/wp-content\/plugins\/page-views-count\/ajax-loader-2x.gif\" border=\"0\" src=\"data:image\/svg+xml;base64,PHN2ZyB3aWR0aD0iMSIgaGVpZ2h0PSIxIiB4bWxucz0iaHR0cDovL3d3dy53My5vcmcvMjAwMC9zdmciPjwvc3ZnPg==\" class=\"lazyload\" style=\"--smush-placeholder-width: 16px; --smush-placeholder-aspect-ratio: 16\/16;\" \/><\/p>\n<div class=\"pvc_clear\"><\/div>\n<p>\u0130LET\u0130\u015e\u0130M Benimle \u0130leti\u015fime Ge\u00e7in Seyahatler, ke\u015fifler ve yeni k\u00fclt\u00fcrlere a\u00e7\u0131lan yollar\u2026 Her g\u00fczel yolculuk do\u011fru bir ileti\u015fimle ba\u015flar.Ben \u00d6zg\u00fcr G\u00fcl\u00fcn<\/p>","protected":false},"author":1,"featured_media":0,"parent":0,"menu_order":0,"comment_status":"closed","ping_status":"closed","template":"page-templates\/contact.php","meta":{"colormag_page_container_layout":"default_layout","colormag_page_sidebar_layout":"default_layout","_bbp_topic_count":0,"_bbp_reply_count":0,"_bbp_total_topic_count":0,"_bbp_total_reply_count":0,"_bbp_voice_count":0,"_bbp_anonymous_reply_count":0,"_bbp_topic_count_hidden":0,"_bbp_reply_count_hidden":0,"_bbp_forum_subforum_count":0,"_lmt_disableupdate":"","_lmt_disable":"","_mc_calendar":[],"footnotes":""},"class_list":["post-285","page","type-page","status-publish","hentry"],"a3_pvc":{"activated":true,"total_views":7,"today_views":0},"yoast_head":"<!-- This site is optimized with the Yoast SEO plugin v27.4 - https:\/\/yoast.com\/product\/yoast-seo-wordpress\/ -->\n<title>\u0130leti\u015fim - \u00d6zg\u00fcr G\u00fcl\u00fcn<\/title>\n<meta name=\"description\" content=\"Ben \u00d6zg\u00fcr G\u00fcl\u00fcn olarak, G\u00fcney Kore ba\u015fta olmak \u00fczere Asya turlar\u0131, \u00f6zel gezi tasar\u0131mlar\u0131 ve rehberlik hizmetleri hakk\u0131nda t\u00fcm sorular\u0131n\u0131za yard\u0131mc\u0131 olmaktan memnuniyet duyar\u0131m\" \/>\n<meta name=\"robots\" content=\"index, follow, max-snippet:-1, max-image-preview:large, max-video-preview:-1\" \/>\n<link rel=\"canonical\" href=\"https:\/\/www.ozgurgulun.com\/en\/contact-us\/\" \/>\n<meta property=\"og:locale\" content=\"en_US\" \/>\n<meta property=\"og:type\" content=\"article\" \/>\n<meta property=\"og:title\" content=\"\u0130leti\u015fim - \u00d6zg\u00fcr G\u00fcl\u00fcn\" \/>\n<meta property=\"og:description\" content=\"Ben \u00d6zg\u00fcr G\u00fcl\u00fcn olarak, G\u00fcney Kore ba\u015fta olmak \u00fczere Asya turlar\u0131, \u00f6zel gezi tasar\u0131mlar\u0131 ve rehberlik hizmetleri hakk\u0131nda t\u00fcm sorular\u0131n\u0131za yard\u0131mc\u0131 olmaktan memnuniyet duyar\u0131m\" \/>\n<meta property=\"og:url\" content=\"https:\/\/www.ozgurgulun.com\/en\/contact-us\/\" \/>\n<meta property=\"og:site_name\" content=\"\u00d6zg\u00fcr G\u00fcl\u00fcn\" \/>\n<meta property=\"article:publisher\" content=\"https:\/\/www.facebook.com\/o.gulun\" \/>\n<meta property=\"article:modified_time\" content=\"2025-11-25T11:54:18+00:00\" \/>\n<meta name=\"twitter:card\" content=\"summary_large_image\" \/>\n<meta name=\"twitter:label1\" content=\"Est. reading time\" \/>\n\t<meta name=\"twitter:data1\" content=\"1 minute\" \/>\n<script type=\"application\/ld+json\" class=\"yoast-schema-graph\">{\"@context\":\"https:\\\/\\\/schema.org\",\"@graph\":[{\"@type\":\"WebPage\",\"@id\":\"https:\\\/\\\/www.ozgurgulun.com\\\/contact-us\\\/\",\"url\":\"https:\\\/\\\/www.ozgurgulun.com\\\/contact-us\\\/\",\"name\":\"\u0130leti\u015fim - \u00d6zg\u00fcr G\u00fcl\u00fcn\",\"isPartOf\":{\"@id\":\"https:\\\/\\\/www.ozgurgulun.com\\\/#website\"},\"datePublished\":\"2018-02-09T10:40:06+00:00\",\"dateModified\":\"2025-11-25T11:54:18+00:00\",\"description\":\"Ben \u00d6zg\u00fcr G\u00fcl\u00fcn olarak, G\u00fcney Kore ba\u015fta olmak \u00fczere Asya turlar\u0131, \u00f6zel gezi tasar\u0131mlar\u0131 ve rehberlik hizmetleri hakk\u0131nda t\u00fcm sorular\u0131n\u0131za yard\u0131mc\u0131 olmaktan memnuniyet duyar\u0131m\",\"breadcrumb\":{\"@id\":\"https:\\\/\\\/www.ozgurgulun.com\\\/contact-us\\\/#breadcrumb\"},\"inLanguage\":\"en-US\",\"potentialAction\":[{\"@type\":\"ReadAction\",\"target\":[\"https:\\\/\\\/www.ozgurgulun.com\\\/contact-us\\\/\"]}]},{\"@type\":\"BreadcrumbList\",\"@id\":\"https:\\\/\\\/www.ozgurgulun.com\\\/contact-us\\\/#breadcrumb\",\"itemListElement\":[{\"@type\":\"ListItem\",\"position\":1,\"name\":\"Anasayfa\",\"item\":\"https:\\\/\\\/www.ozgurgulun.com\\\/\"},{\"@type\":\"ListItem\",\"position\":2,\"name\":\"\u0130leti\u015fim\"}]},{\"@type\":\"WebSite\",\"@id\":\"https:\\\/\\\/www.ozgurgulun.com\\\/#website\",\"url\":\"https:\\\/\\\/www.ozgurgulun.com\\\/\",\"name\":\"\u00d6zg\u00fcr G\u00fcl\u00fcn\",\"description\":\"D\u00fcnyan\u0131n f\u0131s\u0131lt\u0131lar\u0131n\u0131 duymaya haz\u0131r m\u0131s\u0131n?\",\"publisher\":{\"@id\":\"https:\\\/\\\/www.ozgurgulun.com\\\/#\\\/schema\\\/person\\\/721af7122550a448ab79b0675765557a\"},\"potentialAction\":[{\"@type\":\"SearchAction\",\"target\":{\"@type\":\"EntryPoint\",\"urlTemplate\":\"https:\\\/\\\/www.ozgurgulun.com\\\/?s={search_term_string}\"},\"query-input\":{\"@type\":\"PropertyValueSpecification\",\"valueRequired\":true,\"valueName\":\"search_term_string\"}}],\"inLanguage\":\"en-US\"},{\"@type\":[\"Person\",\"Organization\"],\"@id\":\"https:\\\/\\\/www.ozgurgulun.com\\\/#\\\/schema\\\/person\\\/721af7122550a448ab79b0675765557a\",\"name\":\"\u00d6zg\u00fcr G\u00fcl\u00fcn\",\"image\":{\"@type\":\"ImageObject\",\"inLanguage\":\"en-US\",\"@id\":\"https:\\\/\\\/www.ozgurgulun.com\\\/wp-content\\\/uploads\\\/2024\\\/12\\\/1735115568492-photoaidcom-cropped.png\",\"url\":\"https:\\\/\\\/www.ozgurgulun.com\\\/wp-content\\\/uploads\\\/2024\\\/12\\\/1735115568492-photoaidcom-cropped.png\",\"contentUrl\":\"https:\\\/\\\/www.ozgurgulun.com\\\/wp-content\\\/uploads\\\/2024\\\/12\\\/1735115568492-photoaidcom-cropped.png\",\"width\":1315,\"height\":1315,\"caption\":\"\u00d6zg\u00fcr G\u00fcl\u00fcn\"},\"logo\":{\"@id\":\"https:\\\/\\\/www.ozgurgulun.com\\\/wp-content\\\/uploads\\\/2024\\\/12\\\/1735115568492-photoaidcom-cropped.png\"},\"sameAs\":[\"http:\\\/\\\/www.ozgurgulun.com\",\"https:\\\/\\\/www.facebook.com\\\/o.gulun\",\"https:\\\/\\\/www.instagram.com\\\/ogulun\\\/\",\"https:\\\/\\\/www.linkedin.com\\\/in\\\/ozgurgulun\\\/\",\"https:\\\/\\\/www.youtube.com\\\/@ozgurgulun\"]}]}<\/script>\n<!-- \/ Yoast SEO plugin. -->","yoast_head_json":{"title":"\u0130leti\u015fim - \u00d6zg\u00fcr G\u00fcl\u00fcn","description":"Ben \u00d6zg\u00fcr G\u00fcl\u00fcn olarak, G\u00fcney Kore ba\u015fta olmak \u00fczere Asya turlar\u0131, \u00f6zel gezi tasar\u0131mlar\u0131 ve rehberlik hizmetleri hakk\u0131nda t\u00fcm sorular\u0131n\u0131za yard\u0131mc\u0131 olmaktan memnuniyet duyar\u0131m","robots":{"index":"index","follow":"follow","max-snippet":"max-snippet:-1","max-image-preview":"max-image-preview:large","max-video-preview":"max-video-preview:-1"},"canonical":"https:\/\/www.ozgurgulun.com\/en\/contact-us\/","og_locale":"en_US","og_type":"article","og_title":"\u0130leti\u015fim - \u00d6zg\u00fcr G\u00fcl\u00fcn","og_description":"Ben \u00d6zg\u00fcr G\u00fcl\u00fcn olarak, G\u00fcney Kore ba\u015fta olmak \u00fczere Asya turlar\u0131, \u00f6zel gezi tasar\u0131mlar\u0131 ve rehberlik hizmetleri hakk\u0131nda t\u00fcm sorular\u0131n\u0131za yard\u0131mc\u0131 olmaktan memnuniyet duyar\u0131m","og_url":"https:\/\/www.ozgurgulun.com\/en\/contact-us\/","og_site_name":"\u00d6zg\u00fcr G\u00fcl\u00fcn","article_publisher":"https:\/\/www.facebook.com\/o.gulun","article_modified_time":"2025-11-25T11:54:18+00:00","twitter_card":"summary_large_image","twitter_misc":{"Est. reading time":"1 minute"},"schema":{"@context":"https:\/\/schema.org","@graph":[{"@type":"WebPage","@id":"https:\/\/www.ozgurgulun.com\/contact-us\/","url":"https:\/\/www.ozgurgulun.com\/contact-us\/","name":"\u0130leti\u015fim - \u00d6zg\u00fcr G\u00fcl\u00fcn","isPartOf":{"@id":"https:\/\/www.ozgurgulun.com\/#website"},"datePublished":"2018-02-09T10:40:06+00:00","dateModified":"2025-11-25T11:54:18+00:00","description":"Ben \u00d6zg\u00fcr G\u00fcl\u00fcn olarak, G\u00fcney Kore ba\u015fta olmak \u00fczere Asya turlar\u0131, \u00f6zel gezi tasar\u0131mlar\u0131 ve rehberlik hizmetleri hakk\u0131nda t\u00fcm sorular\u0131n\u0131za yard\u0131mc\u0131 olmaktan memnuniyet duyar\u0131m","breadcrumb":{"@id":"https:\/\/www.ozgurgulun.com\/contact-us\/#breadcrumb"},"inLanguage":"en-US","potentialAction":[{"@type":"ReadAction","target":["https:\/\/www.ozgurgulun.com\/contact-us\/"]}]},{"@type":"BreadcrumbList","@id":"https:\/\/www.ozgurgulun.com\/contact-us\/#breadcrumb","itemListElement":[{"@type":"ListItem","position":1,"name":"Anasayfa","item":"https:\/\/www.ozgurgulun.com\/"},{"@type":"ListItem","position":2,"name":"\u0130leti\u015fim"}]},{"@type":"WebSite","@id":"https:\/\/www.ozgurgulun.com\/#website","url":"https:\/\/www.ozgurgulun.com\/","name":"\u00d6zg\u00fcr G\u00fcl\u00fcn","description":"Are you ready to hear the whispers of the world?","publisher":{"@id":"https:\/\/www.ozgurgulun.com\/#\/schema\/person\/721af7122550a448ab79b0675765557a"},"potentialAction":[{"@type":"SearchAction","target":{"@type":"EntryPoint","urlTemplate":"https:\/\/www.ozgurgulun.com\/?s={search_term_string}"},"query-input":{"@type":"PropertyValueSpecification","valueRequired":true,"valueName":"search_term_string"}}],"inLanguage":"en-US"},{"@type":["Person","Organization"],"@id":"https:\/\/www.ozgurgulun.com\/#\/schema\/person\/721af7122550a448ab79b0675765557a","name":"\u00d6zg\u00fcr G\u00fcl\u00fcn","image":{"@type":"ImageObject","inLanguage":"en-US","@id":"https:\/\/www.ozgurgulun.com\/wp-content\/uploads\/2024\/12\/1735115568492-photoaidcom-cropped.png","url":"https:\/\/www.ozgurgulun.com\/wp-content\/uploads\/2024\/12\/1735115568492-photoaidcom-cropped.png","contentUrl":"https:\/\/www.ozgurgulun.com\/wp-content\/uploads\/2024\/12\/1735115568492-photoaidcom-cropped.png","width":1315,"height":1315,"caption":"\u00d6zg\u00fcr G\u00fcl\u00fcn"},"logo":{"@id":"https:\/\/www.ozgurgulun.com\/wp-content\/uploads\/2024\/12\/1735115568492-photoaidcom-cropped.png"},"sameAs":["http:\/\/www.ozgurgulun.com","https:\/\/www.facebook.com\/o.gulun","https:\/\/www.instagram.com\/ogulun\/","https:\/\/www.linkedin.com\/in\/ozgurgulun\/","https:\/\/www.youtube.com\/@ozgurgulun"]}]}},"_links":{"self":[{"href":"https:\/\/www.ozgurgulun.com\/en\/wp-json\/wp\/v2\/pages\/285","targetHints":{"allow":["GET"]}}],"collection":[{"href":"https:\/\/www.ozgurgulun.com\/en\/wp-json\/wp\/v2\/pages"}],"about":[{"href":"https:\/\/www.ozgurgulun.com\/en\/wp-json\/wp\/v2\/types\/page"}],"author":[{"embeddable":true,"href":"https:\/\/www.ozgurgulun.com\/en\/wp-json\/wp\/v2\/users\/1"}],"replies":[{"embeddable":true,"href":"https:\/\/www.ozgurgulun.com\/en\/wp-json\/wp\/v2\/comments?post=285"}],"version-history":[{"count":4,"href":"https:\/\/www.ozgurgulun.com\/en\/wp-json\/wp\/v2\/pages\/285\/revisions"}],"predecessor-version":[{"id":1023,"href":"https:\/\/www.ozgurgulun.com\/en\/wp-json\/wp\/v2\/pages\/285\/revisions\/1023"}],"wp:attachment":[{"href":"https:\/\/www.ozgurgulun.com\/en\/wp-json\/wp\/v2\/media?parent=285"}],"curies":[{"name":"wp","href":"https:\/\/api.w.org\/{rel}","templated":true}]}}