{"id":2075,"date":"2026-02-15T23:37:01","date_gmt":"2026-02-15T20:37:01","guid":{"rendered":"https:\/\/www.ozgurgulun.com\/?page_id=2075"},"modified":"2026-02-15T23:37:01","modified_gmt":"2026-02-15T20:37:01","slug":"kutuphanem","status":"publish","type":"page","link":"https:\/\/www.ozgurgulun.com\/en\/kutuphanem\/","title":{"rendered":"K\u00fct\u00fcphanem"},"content":{"rendered":"<div class=\"pvc_clear\"><\/div>\n<p id=\"pvc_stats_2075\" class=\"pvc_stats total_only  \" data-element-id=\"2075\" style=\"\"><i class=\"pvc-stats-icon medium\" aria-hidden=\"true\"><svg xmlns=\"http:\/\/www.w3.org\/2000\/svg\" version=\"1.0\" viewBox=\"0 0 502 315\" preserveAspectRatio=\"xMidYMid meet\"><g transform=\"translate(0,332) scale(0.1,-0.1)\" fill=\"\" stroke=\"none\"><path d=\"M2394 3279 l-29 -30 -3 -207 c-2 -182 0 -211 15 -242 39 -76 157 -76 196 0 15 31 17 60 15 243 l-3 209 -33 29 c-26 23 -41 29 -80 29 -41 0 -53 -5 -78 -31z\"\/><path d=\"M3085 3251 c-45 -19 -58 -50 -96 -229 -47 -217 -49 -260 -13 -295 52 -53 146 -42 177 20 16 31 87 366 87 410 0 70 -86 122 -155 94z\"\/><path d=\"M1751 3234 c-13 -9 -29 -31 -37 -50 -12 -29 -10 -49 21 -204 19 -94 39 -189 45 -210 14 -50 54 -80 110 -80 34 0 48 6 76 34 21 21 34 44 34 59 0 14 -18 113 -40 219 -37 178 -43 195 -70 221 -36 32 -101 37 -139 11z\"\/><path d=\"M1163 3073 c-36 -7 -73 -59 -73 -102 0 -56 133 -378 171 -413 34 -32 83 -37 129 -13 70 36 67 87 -16 290 -86 209 -89 214 -129 231 -35 14 -42 15 -82 7z\"\/><path d=\"M3689 3066 c-15 -9 -33 -30 -42 -48 -48 -103 -147 -355 -147 -375 0 -98 131 -148 192 -74 13 15 57 108 97 206 80 196 84 226 37 273 -30 30 -99 39 -137 18z\"\/><path d=\"M583 2784 c-38 -19 -67 -74 -58 -113 9 -42 211 -354 242 -373 16 -10 45 -18 66 -18 51 0 107 52 107 100 0 39 -1 41 -124 234 -80 126 -108 162 -133 173 -41 17 -61 16 -100 -3z\"\/><path d=\"M4250 2784 c-14 -9 -74 -91 -133 -183 -95 -150 -107 -173 -107 -213 0 -55 33 -94 87 -104 67 -13 90 8 211 198 130 202 137 225 78 284 -27 27 -42 34 -72 34 -22 0 -50 -8 -64 -16z\"\/><path d=\"M2275 2693 c-553 -48 -1095 -270 -1585 -649 -135 -104 -459 -423 -483 -476 -23 -49 -22 -139 2 -186 73 -142 361 -457 571 -626 285 -228 642 -407 990 -497 242 -63 336 -73 660 -74 310 0 370 5 595 52 535 111 1045 392 1455 803 122 121 250 273 275 326 19 41 19 137 0 174 -41 79 -309 363 -465 492 -447 370 -946 591 -1479 653 -113 14 -422 18 -536 8z m395 -428 c171 -34 330 -124 456 -258 112 -119 167 -219 211 -378 27 -96 24 -300 -5 -401 -72 -255 -236 -447 -474 -557 -132 -62 -201 -76 -368 -76 -167 0 -236 14 -368 76 -213 98 -373 271 -451 485 -162 444 86 934 547 1084 153 49 292 57 452 25z m909 -232 c222 -123 408 -262 593 -441 76 -74 138 -139 138 -144 0 -16 -233 -242 -330 -319 -155 -123 -309 -223 -461 -299 l-81 -41 32 46 c18 26 49 83 70 128 143 306 141 649 -6 957 -25 52 -61 116 -79 142 l-34 47 45 -20 c26 -10 76 -36 113 -56z m-2057 25 c-40 -58 -105 -190 -130 -263 -110 -324 -59 -707 132 -981 25 -35 42 -64 37 -64 -19 0 -241 119 -326 174 -188 122 -406 314 -532 468 l-58 71 108 103 c185 178 428 349 672 473 66 33 121 60 123 61 2 0 -10 -19 -26 -42z\"\/><path d=\"M2375 1950 c-198 -44 -350 -190 -395 -379 -18 -76 -8 -221 19 -290 114 -284 457 -406 731 -260 98 52 188 154 231 260 27 69 37 214 19 290 -38 163 -166 304 -326 360 -67 23 -215 33 -279 19z\"\/><\/g><\/svg><\/i> <img decoding=\"async\" width=\"16\" height=\"16\" alt=\"Loading\" data-src=\"https:\/\/www.ozgurgulun.com\/wp-content\/plugins\/page-views-count\/ajax-loader-2x.gif\" border=0 src=\"data:image\/svg+xml;base64,PHN2ZyB3aWR0aD0iMSIgaGVpZ2h0PSIxIiB4bWxucz0iaHR0cDovL3d3dy53My5vcmcvMjAwMC9zdmciPjwvc3ZnPg==\" class=\"lazyload\" style=\"--smush-placeholder-width: 16px; --smush-placeholder-aspect-ratio: 16\/16;\" \/><\/p>\n<div class=\"pvc_clear\"><\/div>\n<style type=\"text\/css\">\r\n\/* Search Panel *\/\r\n.wbg-search-container {\r\n    background: #FFFFFF;\r\n    border: 0px solid #CCCCCC;\r\n    border-radius: 0px;\r\n    margin-top: 0px;\r\n    margin-bottom: 10px;\r\n}\r\n\/* Search Input *\/\r\n.wbg-search-container .wbg-search-item input[type=\"text\"],\r\n.selectize-control.single .selectize-input,\r\n.selectize-dropdown [data-selectable].option {\r\n    background-color: #FFFFFF;\r\n    color: #242424!important;\r\n    font-size: 14px;\r\n}\r\n.selectize-input input {\r\n    color: #242424!important;\r\n}\r\n\r\n.selectize-dropdown [data-selectable].option {\r\n    cursor: pointer;\r\n    border-bottom: 1px solid #EEE;\r\n    padding-bottom: 5px;\r\n}\r\n\/* Search Button *\/\r\n.wbg-search-container .wbg-search-item .submit-btn {\r\n    background: #0274be;\r\n    border: 1px solid #317081;\r\n    color: #FFFFFF;\r\n    font-size: 14px;\r\n    font-weight: 700;\r\n}\r\n.wbg-search-container .wbg-search-item .submit-btn:hover {\r\n    background: #EAEAEA;\r\n    color: #242424;\r\n}\r\n\/* Search Reset Button *\/\r\n.wbg-search-container .wbg-search-item a#wbg-search-refresh {\r\n    background: #EEEEEE;\r\n    border: 1px solid #999999;\r\n    color: #111111;\r\n    width: 45px;\r\n    font-size: 18px;\r\n}\r\n.wbg-search-container .wbg-search-item a#wbg-search-refresh:hover {\r\n    background: #6fa0df;\r\n    color: #FFFFFF;\r\n    border: 1px solid #6fa0df;\r\n}\r\n<\/style><style type=\"text\/css\">\r\n    .wbg-parent-wrapper {\r\n    background: #FFF;\r\n    border: 1px solid #FFFFFF;\r\n    max-width: 1200px;\r\n    margin-top: 0px;\r\n    margin-bottom: 0px;\r\n    padding: 0px;\r\n    border-radius: 0px;\r\n  }\r\n  .wbg-main-wrapper .wbg-item {\r\n    border: 1px solid #FFFFFF;\r\n    background-color: #F4F4F4;\r\n    white-space: normal;\r\n    padding-top: 10px;\r\n    padding-right: 10px;\r\n    padding-left: 10px;\r\n  }\r\n  \/*\r\n  .wbg-main-wrapper .wbg-item img {\r\n    width: ;\r\n    height: ;\r\n  }\r\n  *\/\r\n  .wbg-main-wrapper .wbg-item img:hover {\r\n      }\r\n  .wbg-main-wrapper .wbg-item a.wbg-btn {\r\n    background: #0274be;\r\n    color: #FFFFFF;\r\n    font-size: 12px;\r\n  }\r\n  .wbg-main-wrapper .wbg-item a.wbg-btn:hover {\r\n    background: #0274be;\r\n    color: #FFFFFF;\r\n  }\r\n  .wbg-main-wrapper .wbg-item .wgb-item-link {\r\n    color: #242424 !important;\r\n    font-size: 18px !important;\r\n  }\r\n  .wbg-main-wrapper .wbg-item .wgb-item-link:hover {\r\n    color: #FF0000 !important;\r\n  }\r\n  .wbg-main-wrapper .wbg-item .wbg-description-content {\r\n    font-size: 12px !important;\r\n    color: #242424 !important;\r\n  }\r\n  \r\n  @-webkit-keyframes rotation {\r\n    from {\r\n      -webkit-transform: rotate(0deg);\r\n    }\r\n    to {\r\n      -webkit-transform: rotate(360deg);\r\n    }\r\n  }\r\n\r\n  \/* List style *\/\r\n  .wbg-main-wrapper.list .wbg-item-list-wrapper {\r\n      border-bottom: 1px solid #FFFFFF;\r\n      background-color: #F4F4F4;\r\n      white-space: normal;\r\n  }\r\n  .wbg-main-wrapper.list .wbg-item-list-wrapper .wbg-item-list-detials .wbg-title h3.wgb-item-link,\r\n  .wbg-main-wrapper.list .wbg-item-list-wrapper .wbg-item-list-detials .wbg-title a.wgb-item-link {\r\n      color: #242424 !important;\r\n      font-size: 18px !important;\r\n  }\r\n  .wbg-main-wrapper.list .wbg-item-list-wrapper .wbg-item-list-detials .wbg-title h3.wgb-item-link:hover,\r\n  .wbg-main-wrapper.list .wbg-item-list-wrapper .wbg-item-list-detials .wbg-title a.wgb-item-link:hover {\r\n      color: #FF0000 !important;\r\n  }\r\n  .wbg-main-wrapper.list .wbg-item-list-wrapper .wbg-item-list-detials .regular-price .wbgp-price {\r\n    font-size: 16px;\r\n  }\r\n  .wbg-main-wrapper.list .wbg-item-list-wrapper .wbg-item-list-detials .regular-price .wbgp-price.price-after {\r\n      color: #13b651;\r\n  }\r\n  .wbg-main-wrapper.list .wbg-item-list-wrapper .wbg-item-list-detials .regular-price .wbgp-price.price-before {\r\n      color: #ff7162;\r\n  }\r\n  .wbg-main-wrapper.list .wbg-item-list-wrapper .wbg-item-list-detials span.loop-author,\r\n  .wbg-main-wrapper.list .wbg-item-list-wrapper .wbg-item-list-detials span.loop-author a.wbg-list-author {\r\n    color: #555555;\r\n    font-size: 11px !important;\r\n  }\r\n  .wbg-main-wrapper.list .wbg-item-list-wrapper .wbg-item-list-detials span.loop-category,\r\n  .wbg-main-wrapper.list .wbg-item-list-wrapper .wbg-item-list-detials span.loop-category a.wbg-list-cat {\r\n    color: #555555;\r\n    font-size: 11px !important;\r\n  }\r\n  .wbg-main-wrapper.list .wbg-item-list-wrapper .wbg-item-list-detials .wbg-description-content {\r\n      font-size: 12px !important;\r\n      color: #242424 !important;\r\n  }\r\n  .wbg-main-wrapper .wbg-item-list-wrapper a.wbg-btn {\r\n      background: #0274be;\r\n      color: #FFFFFF;\r\n      font-size: 12px;\r\n  }\r\n  .wbg-main-wrapper .wbg-item-list-wrapper a.wbg-btn:hover {\r\n      background: #0274be;\r\n      color: #FFFFFF;\r\n  }\r\n<\/style><div class=\"wbg-parent-wrapper\">\r\n      <div class=\"wbg-main-wrapper wbg-product-column-4 wbg-product-column-mobile-1 list\">\r\n      <div class=\"wbg-item-list-wrapper\">\r\n\r\n            <div class=\"wbg-item-list-img\">\r\n            <img decoding=\"async\" data-src=\"https:\/\/www.ozgurgulun.com\/wp-content\/uploads\/2026\/02\/Adsiz-tasarim-2-200x300.png\" alt=\"K\u0131sa Kore Tarihi\" style=\"--smush-placeholder-width: 200px; --smush-placeholder-aspect-ratio: 200\/300;height:200px; object-fit: fill;\" src=\"data:image\/svg+xml;base64,PHN2ZyB3aWR0aD0iMSIgaGVpZ2h0PSIxIiB4bWxucz0iaHR0cDovL3d3dy53My5vcmcvMjAwMC9zdmciPjwvc3ZnPg==\" class=\"lazyload\">        <\/div>\r\n            <div class=\"wbg-item-list-detials\">\r\n        <div class=\"wbg-title\">\r\n                        <a class=\"wgb-item-link\" href=\"https:\/\/www.ozgurgulun.com\/en\/books\/kisa-kore-tarihi\/\" self>\r\n                K\u0131sa Kore Tarihi            <\/a>\r\n                    <\/div>\r\n\r\n        <div class=\"wbg-rating\">\r\n                    <\/div>\r\n                        <span class=\"loop-author\">\r\n                                        Yazar:                    <a href=\"https:\/\/www.ozgurgulun.com\/en\/book-author\/\" class=\"wbg-list-author\">\r\n                        Michael J. Seth                    <\/a>\r\n                                    <\/span>\r\n                                <span class=\"loop-category\">\r\n                    Kategori:                    <a href=\"https:\/\/www.ozgurgulun.com\/en\/book-category\/kore\" class=\"wbg-list-cat\">Kore<\/a>, <a href=\"https:\/\/www.ozgurgulun.com\/en\/book-category\/kore-tarihi\" class=\"wbg-list-cat\">Kore Tarihi<\/a>                <\/span>\r\n                                <div class=\"wbg-description-content\">\r\n                    <p>Michael J. Seth\u2019in \"K\u0131sa Kore Tarihi\" kitab\u0131, Kore\u2019nin antik d\u00f6nemden g\u00fcn\u00fcm\u00fcze siyasi ve k\u00fclt\u00fcrel d\u00f6n\u00fc\u015f\u00fcm\u00fcn\u00fc \u00f6zetler.<\/p>                <\/div>\r\n                        <div class=\"wbg-button-container-loop\">\r\n                    <\/div>\r\n    <\/div>\r\n<\/div><div class=\"wbg-item-list-wrapper\">\r\n\r\n            <div class=\"wbg-item-list-img\">\r\n            <img decoding=\"async\" data-src=\"https:\/\/www.ozgurgulun.com\/wp-content\/uploads\/2026\/01\/Puslu-Kitalar-Atlasi-199x300.jpg\" alt=\"Puslu K\u0131talar Atlas\u0131\" style=\"--smush-placeholder-width: 199px; --smush-placeholder-aspect-ratio: 199\/300;height:200px; object-fit: fill;\" src=\"data:image\/svg+xml;base64,PHN2ZyB3aWR0aD0iMSIgaGVpZ2h0PSIxIiB4bWxucz0iaHR0cDovL3d3dy53My5vcmcvMjAwMC9zdmciPjwvc3ZnPg==\" class=\"lazyload\">        <\/div>\r\n            <div class=\"wbg-item-list-detials\">\r\n        <div class=\"wbg-title\">\r\n                        <a class=\"wgb-item-link\" href=\"https:\/\/www.ozgurgulun.com\/en\/books\/puslu-kitalar-atlasi\/\" self>\r\n                Puslu K\u0131talar Atlas\u0131            <\/a>\r\n                    <\/div>\r\n\r\n        <div class=\"wbg-rating\">\r\n                    <\/div>\r\n                        <span class=\"loop-author\">\r\n                                        Yazar:                    <a href=\"https:\/\/www.ozgurgulun.com\/en\/book-author\/\" class=\"wbg-list-author\">\r\n                        \u0130hsan Oktay Anar                    <\/a>\r\n                                    <\/span>\r\n                                <span class=\"loop-category\">\r\n                    Kategori:                    <a href=\"https:\/\/www.ozgurgulun.com\/en\/book-category\/istanbul-2\" class=\"wbg-list-cat\">\u0130stanbul<\/a>, <a href=\"https:\/\/www.ozgurgulun.com\/en\/book-category\/postmodern-tarihi-roman\" class=\"wbg-list-cat\">Postmodern Tarihi Roman<\/a>                <\/span>\r\n                                <div class=\"wbg-description-content\">\r\n                    <p><span class=\"hover:entity-accent entity-underline inline cursor-pointer align-baseline\"><span class=\"whitespace-normal\">Puslu K\u0131talar Atlas\u0131<\/span><\/span>, Osmanl\u0131 \u0130stanbul\u2019unda hayal ile ger\u00e7e\u011fin i\u00e7 i\u00e7e ge\u00e7ti\u011fi b\u00fcy\u00fcl\u00fc bir ser\u00fcvendir.<\/p>                <\/div>\r\n                        <div class=\"wbg-button-container-loop\">\r\n                    <\/div>\r\n    <\/div>\r\n<\/div>    <\/div>\r\n    <\/div>\r\n\n","protected":false},"excerpt":{"rendered":"","protected":false},"author":1,"featured_media":0,"parent":0,"menu_order":0,"comment_status":"closed","ping_status":"closed","template":"","meta":{"colormag_page_container_layout":"default_layout","colormag_page_sidebar_layout":"default_layout","_bbp_topic_count":0,"_bbp_reply_count":0,"_bbp_total_topic_count":0,"_bbp_total_reply_count":0,"_bbp_voice_count":0,"_bbp_anonymous_reply_count":0,"_bbp_topic_count_hidden":0,"_bbp_reply_count_hidden":0,"_bbp_forum_subforum_count":0,"_lmt_disableupdate":"","_lmt_disable":"","_mc_calendar":[],"footnotes":""},"class_list":["post-2075","page","type-page","status-publish","hentry"],"a3_pvc":{"activated":true,"total_views":7,"today_views":0},"yoast_head":"<!-- This site is optimized with the Yoast SEO plugin v27.4 - https:\/\/yoast.com\/product\/yoast-seo-wordpress\/ -->\n<title>K\u00fct\u00fcphanem - \u00d6zg\u00fcr G\u00fcl\u00fcn<\/title>\n<meta name=\"robots\" content=\"index, follow, max-snippet:-1, max-image-preview:large, max-video-preview:-1\" \/>\n<link rel=\"canonical\" href=\"https:\/\/www.ozgurgulun.com\/en\/kutuphanem\/\" \/>\n<meta property=\"og:locale\" content=\"en_US\" \/>\n<meta property=\"og:type\" content=\"article\" \/>\n<meta property=\"og:title\" content=\"K\u00fct\u00fcphanem - \u00d6zg\u00fcr G\u00fcl\u00fcn\" \/>\n<meta property=\"og:url\" content=\"https:\/\/www.ozgurgulun.com\/en\/kutuphanem\/\" \/>\n<meta property=\"og:site_name\" content=\"\u00d6zg\u00fcr G\u00fcl\u00fcn\" \/>\n<meta property=\"article:publisher\" content=\"https:\/\/www.facebook.com\/o.gulun\" \/>\n<meta name=\"twitter:card\" content=\"summary_large_image\" \/>\n<meta name=\"twitter:label1\" content=\"Est. reading time\" \/>\n\t<meta name=\"twitter:data1\" content=\"1 minute\" \/>\n<script type=\"application\/ld+json\" class=\"yoast-schema-graph\">{\"@context\":\"https:\\\/\\\/schema.org\",\"@graph\":[{\"@type\":\"WebPage\",\"@id\":\"https:\\\/\\\/www.ozgurgulun.com\\\/kutuphanem\\\/\",\"url\":\"https:\\\/\\\/www.ozgurgulun.com\\\/kutuphanem\\\/\",\"name\":\"K\u00fct\u00fcphanem - \u00d6zg\u00fcr G\u00fcl\u00fcn\",\"isPartOf\":{\"@id\":\"https:\\\/\\\/www.ozgurgulun.com\\\/#website\"},\"datePublished\":\"2026-02-15T20:37:01+00:00\",\"breadcrumb\":{\"@id\":\"https:\\\/\\\/www.ozgurgulun.com\\\/kutuphanem\\\/#breadcrumb\"},\"inLanguage\":\"en-US\",\"potentialAction\":[{\"@type\":\"ReadAction\",\"target\":[\"https:\\\/\\\/www.ozgurgulun.com\\\/kutuphanem\\\/\"]}]},{\"@type\":\"BreadcrumbList\",\"@id\":\"https:\\\/\\\/www.ozgurgulun.com\\\/kutuphanem\\\/#breadcrumb\",\"itemListElement\":[{\"@type\":\"ListItem\",\"position\":1,\"name\":\"Anasayfa\",\"item\":\"https:\\\/\\\/www.ozgurgulun.com\\\/\"},{\"@type\":\"ListItem\",\"position\":2,\"name\":\"K\u00fct\u00fcphanem\"}]},{\"@type\":\"WebSite\",\"@id\":\"https:\\\/\\\/www.ozgurgulun.com\\\/#website\",\"url\":\"https:\\\/\\\/www.ozgurgulun.com\\\/\",\"name\":\"\u00d6zg\u00fcr G\u00fcl\u00fcn\",\"description\":\"D\u00fcnyan\u0131n f\u0131s\u0131lt\u0131lar\u0131n\u0131 duymaya haz\u0131r m\u0131s\u0131n?\",\"publisher\":{\"@id\":\"https:\\\/\\\/www.ozgurgulun.com\\\/#\\\/schema\\\/person\\\/721af7122550a448ab79b0675765557a\"},\"potentialAction\":[{\"@type\":\"SearchAction\",\"target\":{\"@type\":\"EntryPoint\",\"urlTemplate\":\"https:\\\/\\\/www.ozgurgulun.com\\\/?s={search_term_string}\"},\"query-input\":{\"@type\":\"PropertyValueSpecification\",\"valueRequired\":true,\"valueName\":\"search_term_string\"}}],\"inLanguage\":\"en-US\"},{\"@type\":[\"Person\",\"Organization\"],\"@id\":\"https:\\\/\\\/www.ozgurgulun.com\\\/#\\\/schema\\\/person\\\/721af7122550a448ab79b0675765557a\",\"name\":\"\u00d6zg\u00fcr G\u00fcl\u00fcn\",\"image\":{\"@type\":\"ImageObject\",\"inLanguage\":\"en-US\",\"@id\":\"https:\\\/\\\/www.ozgurgulun.com\\\/wp-content\\\/uploads\\\/2024\\\/12\\\/1735115568492-photoaidcom-cropped.png\",\"url\":\"https:\\\/\\\/www.ozgurgulun.com\\\/wp-content\\\/uploads\\\/2024\\\/12\\\/1735115568492-photoaidcom-cropped.png\",\"contentUrl\":\"https:\\\/\\\/www.ozgurgulun.com\\\/wp-content\\\/uploads\\\/2024\\\/12\\\/1735115568492-photoaidcom-cropped.png\",\"width\":1315,\"height\":1315,\"caption\":\"\u00d6zg\u00fcr G\u00fcl\u00fcn\"},\"logo\":{\"@id\":\"https:\\\/\\\/www.ozgurgulun.com\\\/wp-content\\\/uploads\\\/2024\\\/12\\\/1735115568492-photoaidcom-cropped.png\"},\"sameAs\":[\"http:\\\/\\\/www.ozgurgulun.com\",\"https:\\\/\\\/www.facebook.com\\\/o.gulun\",\"https:\\\/\\\/www.instagram.com\\\/ogulun\\\/\",\"https:\\\/\\\/www.linkedin.com\\\/in\\\/ozgurgulun\\\/\",\"https:\\\/\\\/www.youtube.com\\\/@ozgurgulun\"]}]}<\/script>\n<!-- \/ Yoast SEO plugin. -->","yoast_head_json":{"title":"K\u00fct\u00fcphanem - \u00d6zg\u00fcr G\u00fcl\u00fcn","robots":{"index":"index","follow":"follow","max-snippet":"max-snippet:-1","max-image-preview":"max-image-preview:large","max-video-preview":"max-video-preview:-1"},"canonical":"https:\/\/www.ozgurgulun.com\/en\/kutuphanem\/","og_locale":"en_US","og_type":"article","og_title":"K\u00fct\u00fcphanem - \u00d6zg\u00fcr G\u00fcl\u00fcn","og_url":"https:\/\/www.ozgurgulun.com\/en\/kutuphanem\/","og_site_name":"\u00d6zg\u00fcr G\u00fcl\u00fcn","article_publisher":"https:\/\/www.facebook.com\/o.gulun","twitter_card":"summary_large_image","twitter_misc":{"Est. reading time":"1 minute"},"schema":{"@context":"https:\/\/schema.org","@graph":[{"@type":"WebPage","@id":"https:\/\/www.ozgurgulun.com\/kutuphanem\/","url":"https:\/\/www.ozgurgulun.com\/kutuphanem\/","name":"K\u00fct\u00fcphanem - \u00d6zg\u00fcr G\u00fcl\u00fcn","isPartOf":{"@id":"https:\/\/www.ozgurgulun.com\/#website"},"datePublished":"2026-02-15T20:37:01+00:00","breadcrumb":{"@id":"https:\/\/www.ozgurgulun.com\/kutuphanem\/#breadcrumb"},"inLanguage":"en-US","potentialAction":[{"@type":"ReadAction","target":["https:\/\/www.ozgurgulun.com\/kutuphanem\/"]}]},{"@type":"BreadcrumbList","@id":"https:\/\/www.ozgurgulun.com\/kutuphanem\/#breadcrumb","itemListElement":[{"@type":"ListItem","position":1,"name":"Anasayfa","item":"https:\/\/www.ozgurgulun.com\/"},{"@type":"ListItem","position":2,"name":"K\u00fct\u00fcphanem"}]},{"@type":"WebSite","@id":"https:\/\/www.ozgurgulun.com\/#website","url":"https:\/\/www.ozgurgulun.com\/","name":"\u00d6zg\u00fcr G\u00fcl\u00fcn","description":"Are you ready to hear the whispers of the world?","publisher":{"@id":"https:\/\/www.ozgurgulun.com\/#\/schema\/person\/721af7122550a448ab79b0675765557a"},"potentialAction":[{"@type":"SearchAction","target":{"@type":"EntryPoint","urlTemplate":"https:\/\/www.ozgurgulun.com\/?s={search_term_string}"},"query-input":{"@type":"PropertyValueSpecification","valueRequired":true,"valueName":"search_term_string"}}],"inLanguage":"en-US"},{"@type":["Person","Organization"],"@id":"https:\/\/www.ozgurgulun.com\/#\/schema\/person\/721af7122550a448ab79b0675765557a","name":"\u00d6zg\u00fcr G\u00fcl\u00fcn","image":{"@type":"ImageObject","inLanguage":"en-US","@id":"https:\/\/www.ozgurgulun.com\/wp-content\/uploads\/2024\/12\/1735115568492-photoaidcom-cropped.png","url":"https:\/\/www.ozgurgulun.com\/wp-content\/uploads\/2024\/12\/1735115568492-photoaidcom-cropped.png","contentUrl":"https:\/\/www.ozgurgulun.com\/wp-content\/uploads\/2024\/12\/1735115568492-photoaidcom-cropped.png","width":1315,"height":1315,"caption":"\u00d6zg\u00fcr G\u00fcl\u00fcn"},"logo":{"@id":"https:\/\/www.ozgurgulun.com\/wp-content\/uploads\/2024\/12\/1735115568492-photoaidcom-cropped.png"},"sameAs":["http:\/\/www.ozgurgulun.com","https:\/\/www.facebook.com\/o.gulun","https:\/\/www.instagram.com\/ogulun\/","https:\/\/www.linkedin.com\/in\/ozgurgulun\/","https:\/\/www.youtube.com\/@ozgurgulun"]}]}},"_links":{"self":[{"href":"https:\/\/www.ozgurgulun.com\/en\/wp-json\/wp\/v2\/pages\/2075","targetHints":{"allow":["GET"]}}],"collection":[{"href":"https:\/\/www.ozgurgulun.com\/en\/wp-json\/wp\/v2\/pages"}],"about":[{"href":"https:\/\/www.ozgurgulun.com\/en\/wp-json\/wp\/v2\/types\/page"}],"author":[{"embeddable":true,"href":"https:\/\/www.ozgurgulun.com\/en\/wp-json\/wp\/v2\/users\/1"}],"replies":[{"embeddable":true,"href":"https:\/\/www.ozgurgulun.com\/en\/wp-json\/wp\/v2\/comments?post=2075"}],"version-history":[{"count":1,"href":"https:\/\/www.ozgurgulun.com\/en\/wp-json\/wp\/v2\/pages\/2075\/revisions"}],"predecessor-version":[{"id":2076,"href":"https:\/\/www.ozgurgulun.com\/en\/wp-json\/wp\/v2\/pages\/2075\/revisions\/2076"}],"wp:attachment":[{"href":"https:\/\/www.ozgurgulun.com\/en\/wp-json\/wp\/v2\/media?parent=2075"}],"curies":[{"name":"wp","href":"https:\/\/api.w.org\/{rel}","templated":true}]}}