{"id":1392,"date":"2025-12-25T13:18:03","date_gmt":"2025-12-25T10:18:03","guid":{"rendered":"https:\/\/www.ozgurgulun.com\/?page_id=1392"},"modified":"2025-12-25T13:42:00","modified_gmt":"2025-12-25T10:42:00","slug":"izmit-yuruyus-rotasi","status":"publish","type":"page","link":"https:\/\/www.ozgurgulun.com\/en\/izmit-yuruyus-rotasi\/","title":{"rendered":"Izmit Walking Route"},"content":{"rendered":"<div class=\"pvc_clear\"><\/div>\n<p id=\"pvc_stats_1392\" class=\"pvc_stats total_only\" data-element-id=\"1392\" style=\"\"><i class=\"pvc-stats-icon medium\" aria-hidden=\"true\"><svg xmlns=\"http:\/\/www.w3.org\/2000\/svg\" version=\"1.0\" viewbox=\"0 0 502 315\" preserveaspectratio=\"xMidYMid meet\"><g transform=\"translate(0,332) scale(0.1,-0.1)\" fill=\"\" stroke=\"none\"><path d=\"M2394 3279 l-29 -30 -3 -207 c-2 -182 0 -211 15 -242 39 -76 157 -76 196 0 15 31 17 60 15 243 l-3 209 -33 29 c-26 23 -41 29 -80 29 -41 0 -53 -5 -78 -31z\"\/><path d=\"M3085 3251 c-45 -19 -58 -50 -96 -229 -47 -217 -49 -260 -13 -295 52 -53 146 -42 177 20 16 31 87 366 87 410 0 70 -86 122 -155 94z\"\/><path d=\"M1751 3234 c-13 -9 -29 -31 -37 -50 -12 -29 -10 -49 21 -204 19 -94 39 -189 45 -210 14 -50 54 -80 110 -80 34 0 48 6 76 34 21 21 34 44 34 59 0 14 -18 113 -40 219 -37 178 -43 195 -70 221 -36 32 -101 37 -139 11z\"\/><path d=\"M1163 3073 c-36 -7 -73 -59 -73 -102 0 -56 133 -378 171 -413 34 -32 83 -37 129 -13 70 36 67 87 -16 290 -86 209 -89 214 -129 231 -35 14 -42 15 -82 7z\"\/><path d=\"M3689 3066 c-15 -9 -33 -30 -42 -48 -48 -103 -147 -355 -147 -375 0 -98 131 -148 192 -74 13 15 57 108 97 206 80 196 84 226 37 273 -30 30 -99 39 -137 18z\"\/><path d=\"M583 2784 c-38 -19 -67 -74 -58 -113 9 -42 211 -354 242 -373 16 -10 45 -18 66 -18 51 0 107 52 107 100 0 39 -1 41 -124 234 -80 126 -108 162 -133 173 -41 17 -61 16 -100 -3z\"\/><path d=\"M4250 2784 c-14 -9 -74 -91 -133 -183 -95 -150 -107 -173 -107 -213 0 -55 33 -94 87 -104 67 -13 90 8 211 198 130 202 137 225 78 284 -27 27 -42 34 -72 34 -22 0 -50 -8 -64 -16z\"\/><path d=\"M2275 2693 c-553 -48 -1095 -270 -1585 -649 -135 -104 -459 -423 -483 -476 -23 -49 -22 -139 2 -186 73 -142 361 -457 571 -626 285 -228 642 -407 990 -497 242 -63 336 -73 660 -74 310 0 370 5 595 52 535 111 1045 392 1455 803 122 121 250 273 275 326 19 41 19 137 0 174 -41 79 -309 363 -465 492 -447 370 -946 591 -1479 653 -113 14 -422 18 -536 8z m395 -428 c171 -34 330 -124 456 -258 112 -119 167 -219 211 -378 27 -96 24 -300 -5 -401 -72 -255 -236 -447 -474 -557 -132 -62 -201 -76 -368 -76 -167 0 -236 14 -368 76 -213 98 -373 271 -451 485 -162 444 86 934 547 1084 153 49 292 57 452 25z m909 -232 c222 -123 408 -262 593 -441 76 -74 138 -139 138 -144 0 -16 -233 -242 -330 -319 -155 -123 -309 -223 -461 -299 l-81 -41 32 46 c18 26 49 83 70 128 143 306 141 649 -6 957 -25 52 -61 116 -79 142 l-34 47 45 -20 c26 -10 76 -36 113 -56z m-2057 25 c-40 -58 -105 -190 -130 -263 -110 -324 -59 -707 132 -981 25 -35 42 -64 37 -64 -19 0 -241 119 -326 174 -188 122 -406 314 -532 468 l-58 71 108 103 c185 178 428 349 672 473 66 33 121 60 123 61 2 0 -10 -19 -26 -42z\"\/><path d=\"M2375 1950 c-198 -44 -350 -190 -395 -379 -18 -76 -8 -221 19 -290 114 -284 457 -406 731 -260 98 52 188 154 231 260 27 69 37 214 19 290 -38 163 -166 304 -326 360 -67 23 -215 33 -279 19z\"\/><\/g><\/svg><\/i> <img decoding=\"async\" width=\"16\" height=\"16\" alt=\"Loading\" data-src=\"https:\/\/www.ozgurgulun.com\/wp-content\/plugins\/page-views-count\/ajax-loader-2x.gif\" border=\"0\" src=\"data:image\/svg+xml;base64,PHN2ZyB3aWR0aD0iMSIgaGVpZ2h0PSIxIiB4bWxucz0iaHR0cDovL3d3dy53My5vcmcvMjAwMC9zdmciPjwvc3ZnPg==\" class=\"lazyload\" style=\"--smush-placeholder-width: 16px; --smush-placeholder-aspect-ratio: 16\/16;\" \/><\/p>\n<div class=\"pvc_clear\"><\/div>\n\n<div class=\"give-directions-container\" data-direction-id=\"1391\">\n    <!-- \u5730\u56f3\u30a8\u30ea\u30a2 -->\n    <div class=\"give-directions-map\" id=\"gd-map-1391\"><\/div>\n    \n    <!-- \u30eb\u30fc\u30c8\u30c7\u30fc\u30bf\u3092JavaScript\u306b\u6e21\u3059 -->\n    \n    <!-- \u753b\u50cf\u30b9\u30e9\u30a4\u30c0\u30fc -->\n        \n    <!-- \u753b\u50cf\u30e2\u30fc\u30c0\u30eb -->\n    <div class=\"gd-image-modal\" style=\"display: none;\">\n        <span class=\"gd-modal-close\">&times;<\/span>\n        <div class=\"gd-modal-container\">\n            <img decoding=\"async\" class=\"gd-modal-content\" src=\"\" alt=\"\">\n            <div class=\"gd-modal-caption\">\n                <h3 class=\"gd-modal-title\"><\/h3>\n                <p class=\"gd-modal-comment\"><\/p>\n            <\/div>\n        <\/div>\n    <\/div>\n<\/div>\n\n\n\n\n<ol>\n<li>\u0130zmit Tren \u0130stasyonu<\/li>\n<li><a href=\"https:\/\/www.ozgurgulun.com\/en\/kocaeli-arkeoloji-muzesi\/\">Kocaeli Archaeology Museum<\/a><\/li>\n<li><a href=\"https:\/\/www.ozgurgulun.com\/en\/kasr-i-humayun\/\">Kasr-\u0131 H\u00fcmay\u00fcn M\u00fczesi<\/a><\/li>\n<li>Atat\u00fcrk Redif ve Etnografya M\u00fczesi<\/li>\n<li><a href=\"https:\/\/www.ozgurgulun.com\/en\/selim-sirri-pasa-konagi\/\">Selim S\u0131rr\u0131 Pasha Mansion<\/a><\/li>\n<\/ol>\n<p>&nbsp;<\/p>\n<h2 data-start=\"197\" data-end=\"272\">&#x1f97e; \u0130zmit Y\u00fcr\u00fcy\u00fc\u015f Rotas\u0131 \u2014 Tarih ve K\u00fclt\u00fcr Keyfi<\/h2>\n<p data-start=\"274\" data-end=\"528\"><strong data-start=\"274\" data-end=\"298\">Izmit Walking Route<\/strong>, tarihi eserlerden modern kente, sahil boyunca uzanan panoramik g\u00fczelliklere kadar zengin bir rota sunuyor. Bu y\u00fcr\u00fcy\u00fc\u015f rotas\u0131 hem do\u011fa tutkunlar\u0131 hem de \u015fehir gezgini ziyaret\u00e7iler i\u00e7in ideal bir g\u00fcnl\u00fck ke\u015fif plan\u0131 haline geliyor.<\/p>\n<h3 data-start=\"530\" data-end=\"576\">&#x1f4cd; Rota Ba\u015flang\u0131c\u0131: \u0130zmit Tren \u0130stasyonu<\/h3>\n<p data-start=\"577\" data-end=\"785\">Y\u00fcr\u00fcy\u00fc\u015f rotan\u0131z\u0131n ba\u015flang\u0131\u00e7 noktas\u0131 olarak <strong data-start=\"620\" data-end=\"644\">\u0130zmit Tren \u0130stasyonu<\/strong> harika bir tercih. Buradan \u00e7\u0131karak do\u011frudan \u015fehrin kalbine y\u00fcr\u00fcyebilir, hem tarihi hem de g\u00fcnl\u00fck ya\u015fam\u0131n ritmini yak\u0131ndan hissedebilirsiniz.<\/p>\n<h3 data-start=\"787\" data-end=\"839\">&#x1f3db;&#xfe0f; K\u00fclt\u00fcrel Dura\u011f\u0131: M\u00fczeler ve Tarihi Yap\u0131lar<\/h3>\n<p data-start=\"840\" data-end=\"903\">Rota boyunca ziyaret edilebilecek k\u00fclt\u00fcrel noktalar aras\u0131nda:<\/p>\n<ul data-start=\"904\" data-end=\"1445\">\n<li data-start=\"904\" data-end=\"1052\">\n<p data-start=\"906\" data-end=\"1052\"><strong data-start=\"906\" data-end=\"934\">Kocaeli Archaeology Museum<\/strong> \u2014 B\u00f6lgede bulunan \u00f6nemli arkeolojik eserleri g\u00f6rebilece\u011finiz zengin bir m\u00fcze.<\/p>\n<\/li>\n<li data-start=\"1053\" data-end=\"1185\">\n<p data-start=\"1055\" data-end=\"1185\"><strong data-start=\"1055\" data-end=\"1080\">Kasr-\u0131 H\u00fcmayun M\u00fczesi<\/strong> \u2014 Osmanl\u0131 d\u00f6nemine ait ilgin\u00e7 koleksiyonlar sunan m\u00fcze deneyimi.<\/p>\n<\/li>\n<li data-start=\"1186\" data-end=\"1323\">\n<p data-start=\"1188\" data-end=\"1323\"><strong data-start=\"1188\" data-end=\"1226\">Atat\u00fcrk Redif ve Etnografya M\u00fczesi<\/strong> \u2014 T\u00fcrkiye Cumhuriyeti tarihine dair etkileyici par\u00e7alar.<\/p>\n<\/li>\n<li data-start=\"1324\" data-end=\"1445\">\n<p data-start=\"1326\" data-end=\"1445\"><strong data-start=\"1326\" data-end=\"1353\">Selim S\u0131rr\u0131 Pasha Mansion<\/strong> \u2014 Klasik Osmanl\u0131 sivil mimarisi \u00f6rneklerinden biri.<\/p>\n<\/li>\n<\/ul>\n<p data-start=\"1447\" data-end=\"1541\">Bu k\u00fclt\u00fcrel duraklar hem y\u00fcr\u00fcy\u00fc\u015f\u00fcn\u00fcze de\u011fer katar hem de yerel tarih ile ba\u011f\u0131n\u0131z\u0131 g\u00fc\u00e7lendirir.<\/p>\n<p data-start=\"1447\" data-end=\"1541\">\n<h3 data-start=\"2631\" data-end=\"2653\">&#x1f6b6;&#x200d;&#x2642;&#xfe0f; Tavsiyeler<\/h3>\n<ul data-start=\"2654\" data-end=\"2866\">\n<li data-start=\"2654\" data-end=\"2712\">\n<p data-start=\"2656\" data-end=\"2712\">Rotay\u0131 y\u00fcr\u00fcmeye <strong data-start=\"2672\" data-end=\"2699\">rahat ayakkab\u0131lar ve su<\/strong> ile \u00e7\u0131k\u0131n.<\/p>\n<\/li>\n<li data-start=\"2713\" data-end=\"2785\">\n<p data-start=\"2715\" data-end=\"2785\">Hava durumunu kontrol etmeyi unutmay\u0131n.<\/p>\n<\/li>\n<\/ul>","protected":false},"excerpt":{"rendered":"<div class=\"pvc_clear\"><\/div>\n<p id=\"pvc_stats_1392\" class=\"pvc_stats total_only\" data-element-id=\"1392\" style=\"\"><i class=\"pvc-stats-icon medium\" aria-hidden=\"true\"><svg xmlns=\"http:\/\/www.w3.org\/2000\/svg\" version=\"1.0\" viewbox=\"0 0 502 315\" preserveaspectratio=\"xMidYMid meet\"><g transform=\"translate(0,332) scale(0.1,-0.1)\" fill=\"\" stroke=\"none\"><path d=\"M2394 3279 l-29 -30 -3 -207 c-2 -182 0 -211 15 -242 39 -76 157 -76 196 0 15 31 17 60 15 243 l-3 209 -33 29 c-26 23 -41 29 -80 29 -41 0 -53 -5 -78 -31z\"\/><path d=\"M3085 3251 c-45 -19 -58 -50 -96 -229 -47 -217 -49 -260 -13 -295 52 -53 146 -42 177 20 16 31 87 366 87 410 0 70 -86 122 -155 94z\"\/><path d=\"M1751 3234 c-13 -9 -29 -31 -37 -50 -12 -29 -10 -49 21 -204 19 -94 39 -189 45 -210 14 -50 54 -80 110 -80 34 0 48 6 76 34 21 21 34 44 34 59 0 14 -18 113 -40 219 -37 178 -43 195 -70 221 -36 32 -101 37 -139 11z\"\/><path d=\"M1163 3073 c-36 -7 -73 -59 -73 -102 0 -56 133 -378 171 -413 34 -32 83 -37 129 -13 70 36 67 87 -16 290 -86 209 -89 214 -129 231 -35 14 -42 15 -82 7z\"\/><path d=\"M3689 3066 c-15 -9 -33 -30 -42 -48 -48 -103 -147 -355 -147 -375 0 -98 131 -148 192 -74 13 15 57 108 97 206 80 196 84 226 37 273 -30 30 -99 39 -137 18z\"\/><path d=\"M583 2784 c-38 -19 -67 -74 -58 -113 9 -42 211 -354 242 -373 16 -10 45 -18 66 -18 51 0 107 52 107 100 0 39 -1 41 -124 234 -80 126 -108 162 -133 173 -41 17 -61 16 -100 -3z\"\/><path d=\"M4250 2784 c-14 -9 -74 -91 -133 -183 -95 -150 -107 -173 -107 -213 0 -55 33 -94 87 -104 67 -13 90 8 211 198 130 202 137 225 78 284 -27 27 -42 34 -72 34 -22 0 -50 -8 -64 -16z\"\/><path d=\"M2275 2693 c-553 -48 -1095 -270 -1585 -649 -135 -104 -459 -423 -483 -476 -23 -49 -22 -139 2 -186 73 -142 361 -457 571 -626 285 -228 642 -407 990 -497 242 -63 336 -73 660 -74 310 0 370 5 595 52 535 111 1045 392 1455 803 122 121 250 273 275 326 19 41 19 137 0 174 -41 79 -309 363 -465 492 -447 370 -946 591 -1479 653 -113 14 -422 18 -536 8z m395 -428 c171 -34 330 -124 456 -258 112 -119 167 -219 211 -378 27 -96 24 -300 -5 -401 -72 -255 -236 -447 -474 -557 -132 -62 -201 -76 -368 -76 -167 0 -236 14 -368 76 -213 98 -373 271 -451 485 -162 444 86 934 547 1084 153 49 292 57 452 25z m909 -232 c222 -123 408 -262 593 -441 76 -74 138 -139 138 -144 0 -16 -233 -242 -330 -319 -155 -123 -309 -223 -461 -299 l-81 -41 32 46 c18 26 49 83 70 128 143 306 141 649 -6 957 -25 52 -61 116 -79 142 l-34 47 45 -20 c26 -10 76 -36 113 -56z m-2057 25 c-40 -58 -105 -190 -130 -263 -110 -324 -59 -707 132 -981 25 -35 42 -64 37 -64 -19 0 -241 119 -326 174 -188 122 -406 314 -532 468 l-58 71 108 103 c185 178 428 349 672 473 66 33 121 60 123 61 2 0 -10 -19 -26 -42z\"\/><path d=\"M2375 1950 c-198 -44 -350 -190 -395 -379 -18 -76 -8 -221 19 -290 114 -284 457 -406 731 -260 98 52 188 154 231 260 27 69 37 214 19 290 -38 163 -166 304 -326 360 -67 23 -215 33 -279 19z\"\/><\/g><\/svg><\/i> <img decoding=\"async\" width=\"16\" height=\"16\" alt=\"Loading\" data-src=\"https:\/\/www.ozgurgulun.com\/wp-content\/plugins\/page-views-count\/ajax-loader-2x.gif\" border=\"0\" src=\"data:image\/svg+xml;base64,PHN2ZyB3aWR0aD0iMSIgaGVpZ2h0PSIxIiB4bWxucz0iaHR0cDovL3d3dy53My5vcmcvMjAwMC9zdmciPjwvc3ZnPg==\" class=\"lazyload\" style=\"--smush-placeholder-width: 16px; --smush-placeholder-aspect-ratio: 16\/16;\" \/><\/p>\n<div class=\"pvc_clear\"><\/div>\n<p>\u0130zmit Tren \u0130stasyonu Kocaeli Arkeoloji M\u00fczesi Kasr-\u0131 H\u00fcmay\u00fcn M\u00fczesi Atat\u00fcrk Redif ve Etnografya M\u00fczesi Selim S\u0131rr\u0131 Pa\u015fa Kona\u011f\u0131 &nbsp; &#x1f97e;<\/p>","protected":false},"author":1,"featured_media":0,"parent":0,"menu_order":0,"comment_status":"closed","ping_status":"closed","template":"","meta":{"colormag_page_container_layout":"default_layout","colormag_page_sidebar_layout":"default_layout","_bbp_topic_count":0,"_bbp_reply_count":0,"_bbp_total_topic_count":0,"_bbp_total_reply_count":0,"_bbp_voice_count":0,"_bbp_anonymous_reply_count":0,"_bbp_topic_count_hidden":0,"_bbp_reply_count_hidden":0,"_bbp_forum_subforum_count":0,"_lmt_disableupdate":"","_lmt_disable":"","_mc_calendar":[],"footnotes":""},"class_list":["post-1392","page","type-page","status-publish","hentry"],"a3_pvc":{"activated":true,"total_views":7,"today_views":1},"yoast_head":"<!-- This site is optimized with the Yoast SEO plugin v27.4 - https:\/\/yoast.com\/product\/yoast-seo-wordpress\/ -->\n<title>\u0130zmit Y\u00fcr\u00fcy\u00fc\u015f Rotas\u0131 - \u00d6zg\u00fcr G\u00fcl\u00fcn<\/title>\n<meta name=\"description\" content=\"\u0130zmit Y\u00fcr\u00fcy\u00fc\u015f Rotas\u0131 ile tarihi eserlerden do\u011fal g\u00fczelliklerine kadar her ad\u0131mda \u0130zmit\u2019in k\u00fclt\u00fcrel duraklar\u0131n\u0131 beraber ke\u015ffe \u00e7\u0131kal\u0131m m\u0131?\" \/>\n<meta name=\"robots\" content=\"index, follow, max-snippet:-1, max-image-preview:large, max-video-preview:-1\" \/>\n<link rel=\"canonical\" href=\"https:\/\/www.ozgurgulun.com\/en\/izmit-yuruyus-rotasi\/\" \/>\n<meta property=\"og:locale\" content=\"en_US\" \/>\n<meta property=\"og:type\" content=\"article\" \/>\n<meta property=\"og:title\" content=\"\u0130zmit Y\u00fcr\u00fcy\u00fc\u015f Rotas\u0131 - \u00d6zg\u00fcr G\u00fcl\u00fcn\" \/>\n<meta property=\"og:description\" content=\"\u0130zmit Y\u00fcr\u00fcy\u00fc\u015f Rotas\u0131 ile tarihi eserlerden do\u011fal g\u00fczelliklerine kadar her ad\u0131mda \u0130zmit\u2019in k\u00fclt\u00fcrel duraklar\u0131n\u0131 beraber ke\u015ffe \u00e7\u0131kal\u0131m m\u0131?\" \/>\n<meta property=\"og:url\" content=\"https:\/\/www.ozgurgulun.com\/en\/izmit-yuruyus-rotasi\/\" \/>\n<meta property=\"og:site_name\" content=\"\u00d6zg\u00fcr G\u00fcl\u00fcn\" \/>\n<meta property=\"article:publisher\" content=\"https:\/\/www.facebook.com\/o.gulun\" \/>\n<meta property=\"article:modified_time\" content=\"2025-12-25T10:42:00+00:00\" \/>\n<meta name=\"twitter:card\" content=\"summary_large_image\" \/>\n<meta name=\"twitter:label1\" content=\"Est. reading time\" \/>\n\t<meta name=\"twitter:data1\" content=\"2 minutes\" \/>\n<script type=\"application\/ld+json\" class=\"yoast-schema-graph\">{\"@context\":\"https:\\\/\\\/schema.org\",\"@graph\":[{\"@type\":\"WebPage\",\"@id\":\"https:\\\/\\\/www.ozgurgulun.com\\\/izmit-yuruyus-rotasi\\\/\",\"url\":\"https:\\\/\\\/www.ozgurgulun.com\\\/izmit-yuruyus-rotasi\\\/\",\"name\":\"\u0130zmit Y\u00fcr\u00fcy\u00fc\u015f Rotas\u0131 - \u00d6zg\u00fcr G\u00fcl\u00fcn\",\"isPartOf\":{\"@id\":\"https:\\\/\\\/www.ozgurgulun.com\\\/#website\"},\"datePublished\":\"2025-12-25T10:18:03+00:00\",\"dateModified\":\"2025-12-25T10:42:00+00:00\",\"description\":\"\u0130zmit Y\u00fcr\u00fcy\u00fc\u015f Rotas\u0131 ile tarihi eserlerden do\u011fal g\u00fczelliklerine kadar her ad\u0131mda \u0130zmit\u2019in k\u00fclt\u00fcrel duraklar\u0131n\u0131 beraber ke\u015ffe \u00e7\u0131kal\u0131m m\u0131?\",\"breadcrumb\":{\"@id\":\"https:\\\/\\\/www.ozgurgulun.com\\\/izmit-yuruyus-rotasi\\\/#breadcrumb\"},\"inLanguage\":\"en-US\",\"potentialAction\":[{\"@type\":\"ReadAction\",\"target\":[\"https:\\\/\\\/www.ozgurgulun.com\\\/izmit-yuruyus-rotasi\\\/\"]}]},{\"@type\":\"BreadcrumbList\",\"@id\":\"https:\\\/\\\/www.ozgurgulun.com\\\/izmit-yuruyus-rotasi\\\/#breadcrumb\",\"itemListElement\":[{\"@type\":\"ListItem\",\"position\":1,\"name\":\"Anasayfa\",\"item\":\"https:\\\/\\\/www.ozgurgulun.com\\\/\"},{\"@type\":\"ListItem\",\"position\":2,\"name\":\"\u0130zmit Y\u00fcr\u00fcy\u00fc\u015f Rotas\u0131\"}]},{\"@type\":\"WebSite\",\"@id\":\"https:\\\/\\\/www.ozgurgulun.com\\\/#website\",\"url\":\"https:\\\/\\\/www.ozgurgulun.com\\\/\",\"name\":\"\u00d6zg\u00fcr G\u00fcl\u00fcn\",\"description\":\"D\u00fcnyan\u0131n f\u0131s\u0131lt\u0131lar\u0131n\u0131 duymaya haz\u0131r m\u0131s\u0131n?\",\"publisher\":{\"@id\":\"https:\\\/\\\/www.ozgurgulun.com\\\/#\\\/schema\\\/person\\\/721af7122550a448ab79b0675765557a\"},\"potentialAction\":[{\"@type\":\"SearchAction\",\"target\":{\"@type\":\"EntryPoint\",\"urlTemplate\":\"https:\\\/\\\/www.ozgurgulun.com\\\/?s={search_term_string}\"},\"query-input\":{\"@type\":\"PropertyValueSpecification\",\"valueRequired\":true,\"valueName\":\"search_term_string\"}}],\"inLanguage\":\"en-US\"},{\"@type\":[\"Person\",\"Organization\"],\"@id\":\"https:\\\/\\\/www.ozgurgulun.com\\\/#\\\/schema\\\/person\\\/721af7122550a448ab79b0675765557a\",\"name\":\"\u00d6zg\u00fcr G\u00fcl\u00fcn\",\"image\":{\"@type\":\"ImageObject\",\"inLanguage\":\"en-US\",\"@id\":\"https:\\\/\\\/www.ozgurgulun.com\\\/wp-content\\\/uploads\\\/2024\\\/12\\\/1735115568492-photoaidcom-cropped.png\",\"url\":\"https:\\\/\\\/www.ozgurgulun.com\\\/wp-content\\\/uploads\\\/2024\\\/12\\\/1735115568492-photoaidcom-cropped.png\",\"contentUrl\":\"https:\\\/\\\/www.ozgurgulun.com\\\/wp-content\\\/uploads\\\/2024\\\/12\\\/1735115568492-photoaidcom-cropped.png\",\"width\":1315,\"height\":1315,\"caption\":\"\u00d6zg\u00fcr G\u00fcl\u00fcn\"},\"logo\":{\"@id\":\"https:\\\/\\\/www.ozgurgulun.com\\\/wp-content\\\/uploads\\\/2024\\\/12\\\/1735115568492-photoaidcom-cropped.png\"},\"sameAs\":[\"http:\\\/\\\/www.ozgurgulun.com\",\"https:\\\/\\\/www.facebook.com\\\/o.gulun\",\"https:\\\/\\\/www.instagram.com\\\/ogulun\\\/\",\"https:\\\/\\\/www.linkedin.com\\\/in\\\/ozgurgulun\\\/\",\"https:\\\/\\\/www.youtube.com\\\/@ozgurgulun\"]}]}<\/script>\n<!-- \/ Yoast SEO plugin. -->","yoast_head_json":{"title":"\u0130zmit Y\u00fcr\u00fcy\u00fc\u015f Rotas\u0131 - \u00d6zg\u00fcr G\u00fcl\u00fcn","description":"\u0130zmit Y\u00fcr\u00fcy\u00fc\u015f Rotas\u0131 ile tarihi eserlerden do\u011fal g\u00fczelliklerine kadar her ad\u0131mda \u0130zmit\u2019in k\u00fclt\u00fcrel duraklar\u0131n\u0131 beraber ke\u015ffe \u00e7\u0131kal\u0131m m\u0131?","robots":{"index":"index","follow":"follow","max-snippet":"max-snippet:-1","max-image-preview":"max-image-preview:large","max-video-preview":"max-video-preview:-1"},"canonical":"https:\/\/www.ozgurgulun.com\/en\/izmit-yuruyus-rotasi\/","og_locale":"en_US","og_type":"article","og_title":"\u0130zmit Y\u00fcr\u00fcy\u00fc\u015f Rotas\u0131 - \u00d6zg\u00fcr G\u00fcl\u00fcn","og_description":"\u0130zmit Y\u00fcr\u00fcy\u00fc\u015f Rotas\u0131 ile tarihi eserlerden do\u011fal g\u00fczelliklerine kadar her ad\u0131mda \u0130zmit\u2019in k\u00fclt\u00fcrel duraklar\u0131n\u0131 beraber ke\u015ffe \u00e7\u0131kal\u0131m m\u0131?","og_url":"https:\/\/www.ozgurgulun.com\/en\/izmit-yuruyus-rotasi\/","og_site_name":"\u00d6zg\u00fcr G\u00fcl\u00fcn","article_publisher":"https:\/\/www.facebook.com\/o.gulun","article_modified_time":"2025-12-25T10:42:00+00:00","twitter_card":"summary_large_image","twitter_misc":{"Est. reading time":"2 minutes"},"schema":{"@context":"https:\/\/schema.org","@graph":[{"@type":"WebPage","@id":"https:\/\/www.ozgurgulun.com\/izmit-yuruyus-rotasi\/","url":"https:\/\/www.ozgurgulun.com\/izmit-yuruyus-rotasi\/","name":"\u0130zmit Y\u00fcr\u00fcy\u00fc\u015f Rotas\u0131 - \u00d6zg\u00fcr G\u00fcl\u00fcn","isPartOf":{"@id":"https:\/\/www.ozgurgulun.com\/#website"},"datePublished":"2025-12-25T10:18:03+00:00","dateModified":"2025-12-25T10:42:00+00:00","description":"\u0130zmit Y\u00fcr\u00fcy\u00fc\u015f Rotas\u0131 ile tarihi eserlerden do\u011fal g\u00fczelliklerine kadar her ad\u0131mda \u0130zmit\u2019in k\u00fclt\u00fcrel duraklar\u0131n\u0131 beraber ke\u015ffe \u00e7\u0131kal\u0131m m\u0131?","breadcrumb":{"@id":"https:\/\/www.ozgurgulun.com\/izmit-yuruyus-rotasi\/#breadcrumb"},"inLanguage":"en-US","potentialAction":[{"@type":"ReadAction","target":["https:\/\/www.ozgurgulun.com\/izmit-yuruyus-rotasi\/"]}]},{"@type":"BreadcrumbList","@id":"https:\/\/www.ozgurgulun.com\/izmit-yuruyus-rotasi\/#breadcrumb","itemListElement":[{"@type":"ListItem","position":1,"name":"Anasayfa","item":"https:\/\/www.ozgurgulun.com\/"},{"@type":"ListItem","position":2,"name":"\u0130zmit Y\u00fcr\u00fcy\u00fc\u015f Rotas\u0131"}]},{"@type":"WebSite","@id":"https:\/\/www.ozgurgulun.com\/#website","url":"https:\/\/www.ozgurgulun.com\/","name":"\u00d6zg\u00fcr G\u00fcl\u00fcn","description":"Are you ready to hear the whispers of the world?","publisher":{"@id":"https:\/\/www.ozgurgulun.com\/#\/schema\/person\/721af7122550a448ab79b0675765557a"},"potentialAction":[{"@type":"SearchAction","target":{"@type":"EntryPoint","urlTemplate":"https:\/\/www.ozgurgulun.com\/?s={search_term_string}"},"query-input":{"@type":"PropertyValueSpecification","valueRequired":true,"valueName":"search_term_string"}}],"inLanguage":"en-US"},{"@type":["Person","Organization"],"@id":"https:\/\/www.ozgurgulun.com\/#\/schema\/person\/721af7122550a448ab79b0675765557a","name":"\u00d6zg\u00fcr G\u00fcl\u00fcn","image":{"@type":"ImageObject","inLanguage":"en-US","@id":"https:\/\/www.ozgurgulun.com\/wp-content\/uploads\/2024\/12\/1735115568492-photoaidcom-cropped.png","url":"https:\/\/www.ozgurgulun.com\/wp-content\/uploads\/2024\/12\/1735115568492-photoaidcom-cropped.png","contentUrl":"https:\/\/www.ozgurgulun.com\/wp-content\/uploads\/2024\/12\/1735115568492-photoaidcom-cropped.png","width":1315,"height":1315,"caption":"\u00d6zg\u00fcr G\u00fcl\u00fcn"},"logo":{"@id":"https:\/\/www.ozgurgulun.com\/wp-content\/uploads\/2024\/12\/1735115568492-photoaidcom-cropped.png"},"sameAs":["http:\/\/www.ozgurgulun.com","https:\/\/www.facebook.com\/o.gulun","https:\/\/www.instagram.com\/ogulun\/","https:\/\/www.linkedin.com\/in\/ozgurgulun\/","https:\/\/www.youtube.com\/@ozgurgulun"]}]}},"_links":{"self":[{"href":"https:\/\/www.ozgurgulun.com\/en\/wp-json\/wp\/v2\/pages\/1392","targetHints":{"allow":["GET"]}}],"collection":[{"href":"https:\/\/www.ozgurgulun.com\/en\/wp-json\/wp\/v2\/pages"}],"about":[{"href":"https:\/\/www.ozgurgulun.com\/en\/wp-json\/wp\/v2\/types\/page"}],"author":[{"embeddable":true,"href":"https:\/\/www.ozgurgulun.com\/en\/wp-json\/wp\/v2\/users\/1"}],"replies":[{"embeddable":true,"href":"https:\/\/www.ozgurgulun.com\/en\/wp-json\/wp\/v2\/comments?post=1392"}],"version-history":[{"count":4,"href":"https:\/\/www.ozgurgulun.com\/en\/wp-json\/wp\/v2\/pages\/1392\/revisions"}],"predecessor-version":[{"id":1398,"href":"https:\/\/www.ozgurgulun.com\/en\/wp-json\/wp\/v2\/pages\/1392\/revisions\/1398"}],"wp:attachment":[{"href":"https:\/\/www.ozgurgulun.com\/en\/wp-json\/wp\/v2\/media?parent=1392"}],"curies":[{"name":"wp","href":"https:\/\/api.w.org\/{rel}","templated":true}]}}